{"id":107,"date":"2019-05-26T10:13:52","date_gmt":"2019-05-26T10:13:52","guid":{"rendered":"https:\/\/helvietmed.org\/?page_id=107"},"modified":"2021-05-25T20:00:23","modified_gmt":"2021-05-25T20:00:23","slug":"annual-report","status":"publish","type":"page","link":"https:\/\/helvietmed.org\/vi\/annual-report\/","title":{"rendered":"Annual Report 2019"},"content":{"rendered":"<p><a href=\"https:\/\/helvietmed.org\/wp-content\/uploads\/2020\/09\/Helvietmed_Annual-report-2019_ENG-1.pdf\">Helvietmed_Annual report 2019_ENG<\/a><\/p>\n<h1><a name=\"_Toc43415399\"><\/a>Activity report 2019<\/h1>\n<p>&nbsp;<\/p>\n<p><strong>The only constant in life is change. For the better with our good will. <\/strong><\/p>\n<p><strong>\u00a0(Helvietmed)<\/strong><\/p>\n<p><strong>\u00a0<\/strong><\/p>\n<p>Dear sponsors, dear donors,<\/p>\n<p>Dear friends,<\/p>\n<p>Dear students,<\/p>\n<p>&nbsp;<\/p>\n<p>The end of 2019 and current year 2020 has completely turned the world upside down. Our lives were threatened and our freedom strongly restricted. Even \u201cFree Hugs\u201d are now something unimaginable. The mandatory confinement social distancing \u2013 which have lasted way too long \u2013 have made us rediscover the importance of human interaction and have given us the urge to rediscover the human beings who belong to our daily activities. In the end the sole target of our actions is our neighbor. In this very uncertain world, altruism should be our guide.<\/p>\n<p>&nbsp;<\/p>\n<p>On behalf of us all, I would like to thank you for practicing altruism by supporting the Helvietmed in its actions for the past (almost) decade. Our actions have not been in vain but have in contrary been fruitful. One of these fruits is the number of scholarship students who were supported and inspired by the Helvietmed in the framework of the SEE-Responsibly project.<\/p>\n<p>&nbsp;<\/p>\n<h2><a name=\"_Toc43415400\"><\/a><strong>1.\u00a0\u00a0\u00a0\u00a0\u00a0 <\/strong><strong>SEE-Responsibly project<\/strong><\/h2>\n<p>&nbsp;<\/p>\n<p>Since its launch in 2011, we have supported 128 students, from which many throughout their 6-year medicine studies in Hanoi, Saigon and Cantho. In summer 2019, 71 have graduated and have found a job during their post-graduate studies, either in Vietnam or abroad. A significant number of alumni have started to produce high-quality scientific publications. I proudly mention:<\/p>\n<p>&nbsp;<\/p>\n<ul>\n<li>Dr Nguyen Thanh Cong \u2013 who is about to finalize his PhD in Shiba, Japan \u2013 has just published a brilliant article in<\/li>\n<\/ul>\n<p>&nbsp;<\/p>\n<ul>\n<li>Mr Truong Buu, who will graduate in Saigon this summer<\/li>\n<\/ul>\n<p>&nbsp;<\/p>\n<ul>\n<li>Dr Nguyen Minh Dung and Dr Le Khac Tien who are co-authors of <em>in press<\/em> publications.<\/li>\n<\/ul>\n<p>This summer 2020, we expect 17 new graduates, which brings the total number to 88 doctors.<\/p>\n<p>&nbsp;<\/p>\n<p>The table below summarizes the evolution of the project, the future of which will depend on all of us: members, sponsors, donors and students.<\/p>\n<p>&nbsp;<\/p>\n<p><strong>See-responsibly project- Evolution<\/strong><\/p>\n<table>\n<tbody>\n<tr>\n<td width=\"114\"><\/td>\n<td width=\"67\">2011<\/td>\n<td width=\"70\">2012<\/td>\n<td width=\"70\">2013<\/td>\n<td width=\"70\">2014<\/td>\n<td width=\"69\">2015<\/td>\n<td width=\"69\">2016<\/td>\n<td width=\"71\">2017<\/td>\n<td width=\"71\">2018<\/td>\n<td width=\"69\">2019<\/td>\n<td width=\"62\">2020<\/td>\n<\/tr>\n<tr>\n<td width=\"114\">Income (CHF)<\/td>\n<td width=\"67\">5&#8217;903<\/td>\n<td width=\"70\">12&#8217;448<\/td>\n<td width=\"70\">15&#8217;425<\/td>\n<td width=\"70\">18&#8217;906<\/td>\n<td width=\"69\">16154<\/td>\n<td width=\"69\">22400<\/td>\n<td width=\"71\">22850<\/td>\n<td width=\"71\">31900<\/td>\n<td width=\"69\">32450<\/td>\n<td width=\"62\">?<\/td>\n<\/tr>\n<tr>\n<td width=\"114\">Expenditure (CHF)<\/td>\n<td width=\"67\">3&#8217;189<\/td>\n<td width=\"70\">8&#8217;774<\/td>\n<td width=\"70\">12&#8217;763<\/td>\n<td width=\"70\">15&#8217;605<\/td>\n<td width=\"69\">19894<\/td>\n<td width=\"69\">19900<\/td>\n<td width=\"71\">27650<\/td>\n<td width=\"71\">31218<\/td>\n<td width=\"69\">18542<\/td>\n<td width=\"62\">?<\/td>\n<\/tr>\n<tr>\n<td width=\"114\">Fortune (CHF)<\/td>\n<td width=\"67\">2714<\/td>\n<td width=\"70\">7889<\/td>\n<td width=\"70\">9051<\/td>\n<td width=\"70\">12355<\/td>\n<td width=\"69\">8622<\/td>\n<td width=\"69\">8765<\/td>\n<td width=\"71\">3965<\/td>\n<td width=\"71\">5212<\/td>\n<td width=\"69\"><strong>14615<\/strong><\/td>\n<td width=\"62\"><strong>?<\/strong><\/td>\n<\/tr>\n<tr>\n<td width=\"114\">Members (n)<\/td>\n<td width=\"67\">17<\/td>\n<td width=\"70\">25<\/td>\n<td width=\"70\">29<\/td>\n<td width=\"70\">32<\/td>\n<td width=\"69\">34<\/td>\n<td width=\"69\">33<\/td>\n<td width=\"71\">31<\/td>\n<td width=\"71\">31<\/td>\n<td width=\"69\">31<\/td>\n<td width=\"62\">?<\/td>\n<\/tr>\n<tr>\n<td width=\"114\">Int. sponsors (n)<\/td>\n<td width=\"67\">15<\/td>\n<td width=\"70\">15<\/td>\n<td width=\"70\">19<\/td>\n<td width=\"70\">20<\/td>\n<td width=\"69\">20<\/td>\n<td width=\"69\">19<\/td>\n<td width=\"71\">14<\/td>\n<td width=\"71\">15<\/td>\n<td width=\"69\">12<\/td>\n<td width=\"62\">?<\/td>\n<\/tr>\n<tr>\n<td width=\"114\">Ext. sponsors (1)*<\/td>\n<td width=\"67\">8<\/td>\n<td width=\"70\">10<\/td>\n<td width=\"70\">8<\/td>\n<td width=\"70\">13<\/td>\n<td width=\"69\">13<\/td>\n<td width=\"69\">9<\/td>\n<td width=\"71\">6<\/td>\n<td width=\"71\">9<\/td>\n<td width=\"69\">9<\/td>\n<td width=\"62\">?<\/td>\n<\/tr>\n<tr>\n<td width=\"114\">Ext. sponsors (2)*<\/td>\n<td width=\"67\">2<\/td>\n<td width=\"70\">5<\/td>\n<td width=\"70\">4<\/td>\n<td width=\"70\">3<\/td>\n<td width=\"69\">2<\/td>\n<td width=\"69\">4<\/td>\n<td width=\"71\">2<\/td>\n<td width=\"71\">2<\/td>\n<td width=\"69\">2<\/td>\n<td width=\"62\">?<\/td>\n<\/tr>\n<tr>\n<td width=\"114\"><strong>Students (n)<\/strong><\/td>\n<td width=\"67\">10<\/td>\n<td width=\"70\">10<\/td>\n<td width=\"70\">24<\/td>\n<td width=\"70\">44<\/td>\n<td width=\"69\">49<\/td>\n<td width=\"69\">49<\/td>\n<td width=\"71\">67<\/td>\n<td width=\"71\"><strong>64<\/strong><\/td>\n<td width=\"69\"><strong>57<\/strong><\/td>\n<td width=\"62\"><strong>?<\/strong><\/td>\n<\/tr>\n<tr>\n<td width=\"114\"><strong>Graduates n (tot**)<\/strong><\/td>\n<td width=\"67\">0<\/td>\n<td width=\"70\">1<\/td>\n<td width=\"70\">0<\/td>\n<td width=\"70\">8(9)<\/td>\n<td width=\"69\">6(15)<\/td>\n<td width=\"69\">5(20)<\/td>\n<td width=\"71\">20(40)<\/td>\n<td width=\"71\"><strong>10(50)<\/strong><\/td>\n<td width=\"69\"><strong>21 (71)<\/strong><\/td>\n<td width=\"62\"><strong>17(88)<\/strong><\/td>\n<\/tr>\n<\/tbody>\n<\/table>\n<p>*) (1) private sponsors; (2) institutional sponsors<\/p>\n<p>**) total number accumulated since 2011<\/p>\n<p>&nbsp;<\/p>\n<p>The academic year of 2020-2021 will unfortunately be grim for our students, as the registration fees keep increasing tremendously. Our modest scholarships \u2013 aiming to cover these fees \u2013 have become insufficient. We will therefore have to decrease their numbers. Everything changes, and often for the worst in Vietnam. We are thus all encouraged to find solutions to make this project as sustainable as possible&#8230;&#8230;..<\/p>\n<p>&nbsp;<\/p>\n<p>Please clink on the PDF-version above to continue reading.<\/p>\n<p>&nbsp;<\/p>\n<p>&nbsp;<\/p>\n<p><a href=\"https:\/\/helvietmed.org\/wp-content\/uploads\/2020\/09\/Helvietmed_Rapport-annuel-2019_FR-1.pdf\">Helvietmed_Rapport annuel 2019_FR<\/a><\/p>\n<h1><a name=\"_Toc43411540\"><\/a><strong>Rapport d\u2019activit\u00e9s 2019<\/strong><\/h1>\n<p><strong>\u00a0<\/strong><\/p>\n<p><strong>The only constant in life is change. <\/strong><strong>For the better with our good will. <\/strong><\/p>\n<p><strong>(Helvietmed)<\/strong><\/p>\n<p>&nbsp;<\/p>\n<p>Chers sponsors, chers donateurs,<\/p>\n<p>Ch\u00e8res Amies, chers Amis,<\/p>\n<p>Ch\u00e8res \u00e9tudiantes, chers \u00e9tudiants.<\/p>\n<p>&nbsp;<\/p>\n<p>La fin de l&#8217;ann\u00e9e 2019 et cette ann\u00e9e 2020 en cours ont vu notre monde boulevers\u00e9, nos vies menac\u00e9es et notre libert\u00e9 fortement limit\u00e9e. M\u00eame les &#8220;free hugs&#8221; sont devenus chose impossible. Le confinement forc\u00e9 et la distanciation sociale impos\u00e9e \u2013 qui n\u2019ont dur\u00e9 que trop longtemps \u2013 nous font red\u00e9couvrir l&#8217;importance des relations humaines et nous redonnent envie de red\u00e9couvrir les \u00eatres humains qui nous entourent dans toutes nos activit\u00e9s quotidiennes. La cible de nos actions multiples n&#8217;est finalement rien d&#8217;autre que notre prochain. Dans ce monde devenu incertain, l&#8217;altruisme devrait \u00eatre notre guide.<\/p>\n<p>&nbsp;<\/p>\n<p>Au nom de nous tous, je vous remercie d&#8217;avoir choisi cette voie en soutenant l\u2019Helvietmed dans toutes ses actions depuis bient\u00f4t dix ans. Nos actions n&#8217;ont pas \u00e9t\u00e9 vaines. Elles ont apport\u00e9 bien des fruits. L&#8217;un de ces fruits est le nombre d&#8217;\u00e9tudiants soutenus et inspir\u00e9s par l\u2019Helvietmed dans le cadre du projet BEE-Responsible.<\/p>\n<p>&nbsp;<\/p>\n<h1><a name=\"_Toc43411541\"><\/a><strong>1.\u00a0\u00a0\u00a0\u00a0\u00a0\u00a0\u00a0 <\/strong><strong>BEE-Responsible\u00a0: Bourse d&#8217;Encouragement \u00e0 une Elite par la Responsabilit\u00e9<\/strong><\/h1>\n<p>&nbsp;<\/p>\n<p>Depuis son lancement en 2011, nous avons soutenu 128 \u00e9tudiants, un bon nombre tout le long de leurs 6 ans d&#8217;\u00e9tude de m\u00e9decine, provenant de Hanoi, Saigon et Cantho. En \u00e9t\u00e9 2019, 71 ont termin\u00e9 leurs \u00e9tudes, tous ont trouv\u00e9 un emploi tout en poursuivant leurs formations post-gradu\u00e9es, au Vietnam et \u00e0 l&#8217;\u00e9tranger. Un nombre non-n\u00e9gligeable de nos anciens \u00e9tudiants a commenc\u00e9 \u00e0 produire des publications scientifiques. Je mentionne ici avec fiert\u00e9 &#8230;&#8230;&#8230;<\/p>\n<p>&nbsp;<\/p>\n<p>Merci de poursuivre la lecture encliquant sur le PDF supra.<\/p>\n<p>&nbsp;<\/p>","protected":false},"excerpt":{"rendered":"<p>Helvietmed_Annual report 2019_ENG Activity report 2019 &nbsp; The only constant in life is change. For the better with our good will. \u00a0(Helvietmed) \u00a0 Dear sponsors, dear donors, Dear friends, Dear students, &nbsp; The end of 2019 and current year 2020 has completely turned the world upside down. Our lives were threatened and our freedom strongly restricted. Even \u201cFree Hugs\u201d are now something unimaginable. The mandatory confinement social distancing \u2013 which have lasted way too long \u2013 have made us rediscover the importance of human interaction and have given us the urge to rediscover the human beings who belong to our daily activities. In the end the sole target of our actions is our neighbor. In this very uncertain world, altruism should be our guide. &nbsp; On behalf of us all, I would like to thank you for practicing altruism by supporting the Helvietmed in its actions for the past (almost) decade. Our actions have not been in vain but have in contrary been fruitful. One of these fruits is the number of scholarship students who &hellip;<\/p>","protected":false},"author":158048969,"featured_media":0,"parent":0,"menu_order":0,"comment_status":"closed","ping_status":"closed","template":"","meta":{"_crdt_document":"","advanced_seo_description":"","jetpack_seo_html_title":"","jetpack_seo_noindex":false,"footnotes":""},"class_list":["post-107","page","type-page","status-publish","hentry"],"jetpack_likes_enabled":true,"jetpack_sharing_enabled":true,"jetpack_shortlink":"https:\/\/wp.me\/Pb0jKy-1J","amp_enabled":true,"_links":{"self":[{"href":"https:\/\/helvietmed.org\/vi\/wp-json\/wp\/v2\/pages\/107","targetHints":{"allow":["GET"]}}],"collection":[{"href":"https:\/\/helvietmed.org\/vi\/wp-json\/wp\/v2\/pages"}],"about":[{"href":"https:\/\/helvietmed.org\/vi\/wp-json\/wp\/v2\/types\/page"}],"author":[{"embeddable":true,"href":"https:\/\/helvietmed.org\/vi\/wp-json\/wp\/v2\/users\/158048969"}],"replies":[{"embeddable":true,"href":"https:\/\/helvietmed.org\/vi\/wp-json\/wp\/v2\/comments?post=107"}],"version-history":[{"count":9,"href":"https:\/\/helvietmed.org\/vi\/wp-json\/wp\/v2\/pages\/107\/revisions"}],"predecessor-version":[{"id":2514,"href":"https:\/\/helvietmed.org\/vi\/wp-json\/wp\/v2\/pages\/107\/revisions\/2514"}],"wp:attachment":[{"href":"https:\/\/helvietmed.org\/vi\/wp-json\/wp\/v2\/media?parent=107"}],"curies":[{"name":"wp","href":"https:\/\/api.w.org\/{rel}","templated":true}]}}