{"id":1523,"date":"2019-06-21T21:55:37","date_gmt":"2019-06-21T21:55:37","guid":{"rendered":"https:\/\/helvietmed.org\/?page_id=1523"},"modified":"2019-06-21T23:48:23","modified_gmt":"2019-06-21T23:48:23","slug":"dr-huynh-do-phi-annual-mission-2016","status":"publish","type":"page","link":"https:\/\/helvietmed.org\/vi\/dr-huynh-do-phi-annual-mission-2016\/","title":{"rendered":"Dr. Huynh-Do Phi annual mission 2016"},"content":{"rendered":"<ul>\n<li>Mission annuelle au Vi\u00eatnam r\u00e9alis\u00e9e par Dre Huynh-Do Phi (8.2016)<\/li>\n<\/ul>\n<ol>\n<li style=\"list-style-type: none;\">\n<ol>\n<li>Resserrer les liens avec les coll\u00e8gues de l&#8217;Universit\u00e9 de M\u00e9decine et Pharmacie de Cantho (CTUMP) et de la SoM de la VNU Saigon<\/li>\n<li>R\u00e9alisation des workshops \u00e0 Saigon et Cantho<\/li>\n<li>Rencontre avec les membres de Helvietmed du Vietnam, rencontre avec les \u00e9tudiants de Sa\u00efgon et de Cantho et remise des bourses<\/li>\n<li>Rencontre avec l&#8217;\u00e9quipe de la VNSDF repr\u00e9sent\u00e9e par Madame Dang Minh Phuong<\/li>\n<li>Interviews et s\u00e9lection de nouveaux boursiers au Vi\u00eatnam<\/li>\n<\/ol>\n<\/li>\n<\/ol>\n<div id=\"amazingslider_customtexteffect_15\" style=\"display:none;\">{\"Bottom bar\":{\"textstyle\":\"static\",\"textpositionstatic\":\"bottom\",\"textautohide\":true,\"textpositionmarginstatic\":0,\"textpositiondynamic\":\"bottomleft\",\"textpositionmarginleft\":24,\"textpositionmarginright\":24,\"textpositionmargintop\":24,\"textpositionmarginbottom\":24,\"texteffect\":\"slide\",\"texteffecteasing\":\"easeOutCubic\",\"texteffectduration\":600,\"texteffectslidedirection\":\"left\",\"texteffectslidedistance\":30,\"texteffectdelay\":500,\"texteffectseparate\":false,\"texteffect1\":\"slide\",\"texteffectslidedirection1\":\"right\",\"texteffectslidedistance1\":120,\"texteffecteasing1\":\"easeOutCubic\",\"texteffectduration1\":600,\"texteffectdelay1\":1000,\"texteffect2\":\"slide\",\"texteffectslidedirection2\":\"right\",\"texteffectslidedistance2\":120,\"texteffecteasing2\":\"easeOutCubic\",\"texteffectduration2\":600,\"texteffectdelay2\":1500,\"textcss\":\"display:block; padding:12px; text-align:left;\",\"textbgcss\":\"display:block; position:absolute; top:0px; left:0px; width:100%; height:100%; background-color:#333333; opacity:0.6; filter:alpha(opacity=60);\",\"titlecss\":\"display:block; position:relative; font:bold 14px \\\"Lucida Sans Unicode\\\",\\\"Lucida Grande\\\",sans-serif,Arial; color:#fff;\",\"descriptioncss\":\"display:block; position:relative; font:12px \\\"Lucida Sans Unicode\\\",\\\"Lucida Grande\\\",sans-serif,Arial; color:#fff; margin-top:8px;\",\"buttoncss\":\"display:block; position:relative; margin-top:8px;\",\"texteffectresponsive\":true,\"texteffectresponsivesize\":640,\"titlecssresponsive\":\"font-size:12px;\",\"descriptioncssresponsive\":\"font-size:12px;\",\"buttoncssresponsive\":\"\",\"addgooglefonts\":false,\"googlefonts\":\"\",\"textleftrightpercentforstatic\":40}}<\/div><div class=\"wonderpluginslider-container\" id=\"wonderpluginslider-container-15\" style=\"max-width:840px;margin:0 auto;padding-left:0px;padding-right:0px;padding-top:0px;padding-bottom:0px;\"><div class=\"wonderpluginslider\" id=\"wonderpluginslider-15\" data-sliderid=\"15\" data-width=\"840\" data-height=\"360\" data-skin=\"classic\" data-usejsforfullbrowserwidth=\"false\" data-fullbrowserwidth=\"false\" data-playmutedandinlinewhenautoplay=\"false\" data-addextraattributes=\"false\" data-autoplay=\"true\" data-randomplay=\"false\" data-loadimageondemand=\"false\" data-transitiononfirstslide=\"false\" data-autoplayvideo=\"false\" data-isresponsive=\"true\" data-fullwidth=\"false\" data-isfullscreen=\"false\" data-ratioresponsive=\"true\" data-showtext=\"true\" data-showtimer=\"true\" data-showbottomshadow=\"true\" data-navshowpreview=\"true\" data-textautohide=\"true\" data-pauseonmouseover=\"false\" data-lightboxresponsive=\"true\" data-lightboxshownavigation=\"false\" data-lightboxshowtitle=\"true\" data-lightboxshowdescription=\"false\" data-texteffectresponsive=\"true\" data-donotinit=\"false\" data-addinitscript=\"false\" data-lightboxfullscreenmode=\"false\" data-lightboxcloseonoverlay=\"true\" data-lightboxvideohidecontrols=\"false\" data-lightboxnogroup=\"false\" data-shownav=\"true\" data-navthumbresponsive=\"false\" data-navshowfeaturedarrow=\"false\" data-lightboxshowsocial=\"false\" data-lightboxshowfacebook=\"true\" data-lightboxshowtwitter=\"true\" data-lightboxshowpinterest=\"true\" data-lightboxsocialrotateeffect=\"true\" data-showsocial=\"false\" data-showfacebook=\"true\" data-showtwitter=\"true\" data-showpinterest=\"true\" data-socialrotateeffect=\"true\" data-disableinlinecss=\"false\" data-triggerresize=\"false\" data-lightboxautoslide=\"false\" data-lightboxshowtimer=\"true\" data-lightboxshowplaybutton=\"true\" data-lightboxalwaysshownavarrows=\"false\" data-lightboxshowtitleprefix=\"true\" data-titleusealt=\"false\" data-outputtext=\"false\" data-titletag=\"h1\" data-descriptiontag=\"h2\" data-scalemode=\"fill\" data-arrowstyle=\"mouseover\" data-transition=\"cssslide\" data-loop=\"0\" data-border=\"0\" data-slideinterval=\"8000\" data-arrowimage=\"arrows-32-32-0.png\" data-arrowwidth=\"32\" data-arrowheight=\"32\" data-arrowtop=\"50\" data-arrowmargin=\"8\" data-navstyle=\"bullets\" data-navimage=\"bullet-24-24-0.png\" data-navwidth=\"24\" data-navheight=\"24\" data-navspacing=\"8\" data-navmarginx=\"16\" data-navmarginy=\"16\" data-navposition=\"bottom\" data-navthumbnavigationstyle=\"arrow\" data-navthumbnavigationarrowimage=\"carouselarrows-32-32-0.png\" data-navthumbnavigationarrowimagewidth=\"32\" data-navthumbnavigationarrowimageheight=\"32\" data-playvideoimage=\"playvideo-64-64-0.png\" data-playvideoimagewidth=\"64\" data-playvideoimageheight=\"64\" data-lightboxthumbwidth=\"90\" data-lightboxthumbheight=\"60\" data-lightboxthumbtopmargin=\"12\" data-lightboxthumbbottommargin=\"4\" data-lightboxbarheight=\"64\" data-lightboxtitlebottomcss=\"color:#333; font-size:14px; font-family:Armata,sans-serif,Arial; overflow:hidden; text-align:left;\" data-lightboxdescriptionbottomcss=\"color:#333; font-size:12px; font-family:Arial,Helvetica,sans-serif; overflow:hidden; text-align:left; margin:4px 0px 0px; padding: 0px;\" data-textformat=\"Bottom bar\" data-textpositionstatic=\"bottom\" data-textpositiondynamic=\"bottomleft\" data-paddingleft=\"0\" data-paddingright=\"0\" data-paddingtop=\"0\" data-paddingbottom=\"0\" data-texteffectresponsivesize=\"640\" data-textleftrightpercentforstatic=\"40\" data-fadeduration=\"1000\" data-crossfadeduration=\"1000\" data-fadeoutfadeinduration=\"2000\" data-slideduration=\"1000\" data-cssslideduration=\"1000\" data-elasticduration=\"1000\" data-sliceduration=\"1500\" data-blindsduration=\"1500\" data-blocksduration=\"1500\" data-shuffleduration=\"1500\" data-tilesduration=\"2000\" data-kenburnsduration=\"5000\" data-flipduration=\"1500\" data-flipwithzoomduration=\"2000\" data-threedduration=\"1500\" data-threedhorizontalduration=\"1500\" data-threedwithzoomduration=\"2500\" data-threedhorizontalwithzoomduration=\"2200\" data-threedflipduration=\"1500\" data-threedflipwithzoomduration=\"2000\" data-threedtilesduration=\"2000\" data-threedfallback=\"flip\" data-threedhorizontalfallback=\"flip\" data-threedwithzoomfallback=\"flipwithzoom\" data-threedhorizontalwithzoomfallback=\"flipwithzoom\" data-threedflipfallback=\"flip\" data-threedflipwithzoomfallback=\"flipwithzoom\" data-threedtilesfallback=\"tiles\" data-ratiomediumscreen=\"800\" data-ratiomediumheight=\"1.6\" data-ratiosmallscreen=\"480\" data-ratiosmallheight=\"2.4\" data-socialmode=\"mouseover\" data-socialposition=\"position:absolute;top:8px;right:8px;\" data-socialpositionsmallscreen=\"position:absolute;top:8px;right:8px;\" data-socialdirection=\"horizontal\" data-socialbuttonsize=\"32\" data-socialbuttonfontsize=\"18\" data-navthumbcolumn=\"5\" data-navthumbtitleheight=\"20\" data-navthumbtitlewidth=\"120\" data-navthumbresponsivemode=\"samesize\" data-navthumbstyle=\"imageonly\" data-navthumbmediumsize=\"900\" data-navthumbmediumwidth=\"64\" data-navthumbmediumheight=\"64\" data-navthumbmediumcolumn=\"4\" data-navthumbmediumtitleheight=\"18\" data-navthumbmediumtitlewidth=\"120\" data-navthumbsmallsize=\"600\" data-navthumbsmallwidth=\"48\" data-navthumbsmallheight=\"48\" data-navthumbsmallcolumn=\"3\" data-navthumbsmalltitleheight=\"18\" data-navthumbsmalltitlewidth=\"120\" data-lightboxsocialposition=\"position:absolute;top:100%;right:0;\" data-lightboxsocialpositionsmallscreen=\"position:absolute;top:100%;right:0;left:0;\" data-lightboxsocialdirection=\"horizontal\" data-lightboxsocialbuttonsize=\"32\" data-lightboxsocialbuttonfontsize=\"18\" data-lightboxtitlestyle=\"bottom\" data-lightboximagepercentage=\"75\" data-lightboxdefaultvideovolume=\"1\" data-lightboxoverlaybgcolor=\"#000\" data-lightboxoverlayopacity=\"0.9\" data-lightboxbgcolor=\"#fff\" data-lightboxtitleprefix=\"%NUM \/ %TOTAL\" data-lightboxtitleinsidecss=\"color:#fff; font-size:16px; font-family:Arial,Helvetica,sans-serif; overflow:hidden; text-align:left;\" data-lightboxdescriptioninsidecss=\"color:#fff; font-size:12px; font-family:Arial,Helvetica,sans-serif; overflow:hidden; text-align:left; margin:4px 0px 0px; padding: 0px;\" data-triggerresizedelay=\"100\" data-lightboxslideinterval=\"5000\" data-lightboxtimerposition=\"bottom\" data-lightboxtimercolor=\"#dc572e\" data-lightboxtimeropacity=\"1\" data-lightboxbordersize=\"8\" data-lightboxborderradius=\"0\" data-textcss=\"display:block; padding:12px; text-align:left;\" data-textbgcss=\"display:block; position:absolute; top:0px; left:0px; width:100%; height:100%; background-color:#333333; opacity:0.6; filter:alpha(opacity=60);\" data-titlecss=\"display:block; position:relative; font:bold 14px &quot;Lucida Sans Unicode&quot;,&quot;Lucida Grande&quot;,sans-serif,Arial; color:#fff;\" data-descriptioncss=\"display:block; position:relative; font:12px &quot;Lucida Sans Unicode&quot;,&quot;Lucida Grande&quot;,sans-serif,Arial; color:#fff; margin-top:8px;\" data-buttoncss=\"display:block; position:relative; margin-top:8px;\" data-titlecssresponsive=\"font-size:12px;\" data-descriptioncssresponsive=\"font-size:12px;\" data-buttoncssresponsive=\"\" data-jsfolder=\"https:\/\/helvietmed.org\/wp-content\/plugins\/wonderplugin-slider\/engine\/\" style=\"display:none;\" ><ul class=\"amazingslider-slides\"  style=\"display:none;\"><li><img data-recalc-dims=\"1\" decoding=\"async\" class=\"amazingslider-img-elem amazingsliderimg\" src=\"https:\/\/i0.wp.com\/helvietmed.org\/wp-content\/uploads\/2019\/06\/MG_7158.jpg?w=840&#038;ssl=1\" alt=\"_MG_7158\" title=\"_MG_7158\" data-description=\"\" \/><\/li><li><img data-recalc-dims=\"1\" decoding=\"async\" class=\"amazingslider-img-elem amazingsliderimg\" src=\"https:\/\/i0.wp.com\/helvietmed.org\/wp-content\/uploads\/2019\/06\/06.08.16-Gap-cac-F-Can-Tho-o-trung-tam-Chi-Dung-2.jpg?w=840&#038;ssl=1\" alt=\"06.08.16 Gap cac F Can Tho o trung tam Chi Dung (2)\" title=\"06.08.16 Gap cac F Can Tho o trung tam Chi Dung (2)\" data-description=\"\" \/><\/li><li><img data-recalc-dims=\"1\" decoding=\"async\" class=\"amazingslider-img-elem amazingsliderimg\" src=\"https:\/\/i0.wp.com\/helvietmed.org\/wp-content\/uploads\/2019\/06\/07.08.16-Le-trao-hoc-bong-VNSDF-Can-Tho-Tap-the-2.jpg?w=840&#038;ssl=1\" alt=\"07.08.16 Le trao hoc bong VNSDF Can Tho- Tap the (2)\" title=\"07.08.16 Le trao hoc bong VNSDF Can Tho- Tap the (2)\" data-description=\"\" \/><\/li><li><img data-recalc-dims=\"1\" decoding=\"async\" class=\"amazingslider-img-elem amazingsliderimg\" src=\"https:\/\/i0.wp.com\/helvietmed.org\/wp-content\/uploads\/2019\/06\/07.08.16-Tat-ca-sinh-vien-Helvietmed-Can-Tho.jpg?w=840&#038;ssl=1\" alt=\"07.08.16 Tat ca sinh vien Helvietmed Can Tho\" title=\"07.08.16 Tat ca sinh vien Helvietmed Can Tho\" data-description=\"\" \/><\/li><li><img data-recalc-dims=\"1\" decoding=\"async\" class=\"amazingslider-img-elem amazingsliderimg\" src=\"https:\/\/i0.wp.com\/helvietmed.org\/wp-content\/uploads\/2019\/06\/07.08.16-Trao-hoc-bong-Helvietmed-normal-2.jpg?w=840&#038;ssl=1\" alt=\"07.08.16 Trao hoc bong Helvietmed normal (2)\" title=\"07.08.16 Trao hoc bong Helvietmed normal (2)\" data-description=\"\" \/><\/li><li><img data-recalc-dims=\"1\" decoding=\"async\" class=\"amazingslider-img-elem amazingsliderimg\" src=\"https:\/\/i0.wp.com\/helvietmed.org\/wp-content\/uploads\/2019\/06\/07.08.16-trao-qua-tang-cho-2-khac-moi-Tan-va-Hai-1.jpg?w=840&#038;ssl=1\" alt=\"07.08.16 trao qua tang cho 2 khac moi Tan va Hai (1)\" title=\"07.08.16 trao qua tang cho 2 khac moi Tan va Hai (1)\" data-description=\"\" \/><\/li><li><img data-recalc-dims=\"1\" decoding=\"async\" class=\"amazingslider-img-elem amazingsliderimg\" src=\"https:\/\/i0.wp.com\/helvietmed.org\/wp-content\/uploads\/2019\/06\/07.08.16-voi-thay-Vinh-va-Tan-va-chi-Phi-2.jpg?w=840&#038;ssl=1\" alt=\"07.08.16 voi thay Vinh va Tan va chi Phi (2)\" title=\"07.08.16 voi thay Vinh va Tan va chi Phi (2)\" data-description=\"\" \/><\/li><li><img data-recalc-dims=\"1\" decoding=\"async\" class=\"amazingslider-img-elem amazingsliderimg\" src=\"https:\/\/i0.wp.com\/helvietmed.org\/wp-content\/uploads\/2019\/06\/07.08.16-Workshop-VNSDF-Can-Tho-2.jpg?w=840&#038;ssl=1\" alt=\"07.08.16 Workshop VNSDF Can Tho (2)\" title=\"07.08.16 Workshop VNSDF Can Tho (2)\" data-description=\"\" \/><\/li><li><img data-recalc-dims=\"1\" decoding=\"async\" class=\"amazingslider-img-elem amazingsliderimg\" src=\"https:\/\/i0.wp.com\/helvietmed.org\/wp-content\/uploads\/2019\/06\/IMG_7332.jpg?w=840&#038;ssl=1\" alt=\"IMG_7332\" title=\"IMG_7332\" data-description=\"\" \/><\/li><li><img data-recalc-dims=\"1\" decoding=\"async\" class=\"amazingslider-img-elem amazingsliderimg\" src=\"https:\/\/i0.wp.com\/helvietmed.org\/wp-content\/uploads\/2019\/06\/MG_7000.jpg?w=840&#038;ssl=1\" alt=\"_MG_7000\" title=\"_MG_7000\" data-description=\"\" \/><\/li><li><img data-recalc-dims=\"1\" decoding=\"async\" class=\"amazingslider-img-elem amazingsliderimg\" src=\"https:\/\/i0.wp.com\/helvietmed.org\/wp-content\/uploads\/2019\/06\/08.10.16-Le-trao-hoc-bong-Helviemed-Adelman-khoa-Y-DHQG-3.jpg?w=840&#038;ssl=1\" alt=\"08.10.16 Le trao hoc bong Helviemed Adelman-khoa Y DHQG (3)\" title=\"08.10.16 Le trao hoc bong Helviemed Adelman-khoa Y DHQG (3)\" data-description=\"\" \/><\/li><li><img data-recalc-dims=\"1\" decoding=\"async\" class=\"amazingslider-img-elem amazingsliderimg\" src=\"https:\/\/i0.wp.com\/helvietmed.org\/wp-content\/uploads\/2019\/06\/08.10.16-Le-trao-hoc-bong-Helviemed-Adelman-khoa-Y-DHQG-2.jpg?w=840&#038;ssl=1\" alt=\"08.10.16 Le trao hoc bong Helviemed Adelman-khoa Y DHQG (2)\" title=\"08.10.16 Le trao hoc bong Helviemed Adelman-khoa Y DHQG (2)\" data-description=\"\" \/><\/li><li><img data-recalc-dims=\"1\" decoding=\"async\" class=\"amazingslider-img-elem amazingsliderimg\" src=\"https:\/\/i0.wp.com\/helvietmed.org\/wp-content\/uploads\/2019\/06\/08.10.16-Le-trao-hoc-bong-Helviemed-Adelman-khoa-Y-DHQG-1.jpg?w=840&#038;ssl=1\" alt=\"08.10.16 Le trao hoc bong Helviemed Adelman-khoa Y DHQG (1)\" title=\"08.10.16 Le trao hoc bong Helviemed Adelman-khoa Y DHQG (1)\" data-description=\"\" \/><\/li><li><img data-recalc-dims=\"1\" decoding=\"async\" class=\"amazingslider-img-elem amazingsliderimg\" src=\"https:\/\/i0.wp.com\/helvietmed.org\/wp-content\/uploads\/2019\/06\/HelvietmedGroup_SoMVNU_2.jpg?w=840&#038;ssl=1\" alt=\"HelvietmedGroup_SoMVNU_2\" title=\"HelvietmedGroup_SoMVNU_2\" data-description=\"\" \/><\/li><li><img data-recalc-dims=\"1\" decoding=\"async\" class=\"amazingslider-img-elem amazingsliderimg\" src=\"https:\/\/i0.wp.com\/helvietmed.org\/wp-content\/uploads\/2019\/06\/14_08_16-Workshop-VNSDF-Saigon-Tap-the.jpg?w=840&#038;ssl=1\" alt=\"14_08_16 Workshop VNSDF Saigon-Tap the\" title=\"14_08_16 Workshop VNSDF Saigon-Tap the\" data-description=\"\" \/><\/li><li><img data-recalc-dims=\"1\" decoding=\"async\" class=\"amazingslider-img-elem amazingsliderimg\" src=\"https:\/\/i0.wp.com\/helvietmed.org\/wp-content\/uploads\/2019\/06\/MG_7031.jpg?w=840&#038;ssl=1\" alt=\"_MG_7031\" title=\"_MG_7031\" data-description=\"\" \/><\/li><\/ul><ul class=\"amazingslider-thumbnails\"  style=\"display:none;\"><li><img data-recalc-dims=\"1\" height=\"150\" width=\"150\" decoding=\"async\" class=\"amazingslider-thumbnail-elem amazingsliderthumbnailimg\" src=\"https:\/\/i0.wp.com\/helvietmed.org\/wp-content\/uploads\/2019\/06\/MG_7158.jpg?resize=150%2C150&#038;ssl=1\" alt=\"_MG_7158\" title=\"_MG_7158\" data-description=\"\" \/><\/li><li><img data-recalc-dims=\"1\" height=\"150\" width=\"150\" decoding=\"async\" class=\"amazingslider-thumbnail-elem amazingsliderthumbnailimg\" src=\"https:\/\/i0.wp.com\/helvietmed.org\/wp-content\/uploads\/2019\/06\/06.08.16-Gap-cac-F-Can-Tho-o-trung-tam-Chi-Dung-2.jpg?resize=150%2C150&#038;ssl=1\" alt=\"06.08.16 Gap cac F Can Tho o trung tam Chi Dung (2)\" title=\"06.08.16 Gap cac F Can Tho o trung tam Chi Dung (2)\" data-description=\"\" \/><\/li><li><img data-recalc-dims=\"1\" height=\"150\" width=\"150\" decoding=\"async\" class=\"amazingslider-thumbnail-elem amazingsliderthumbnailimg\" src=\"https:\/\/i0.wp.com\/helvietmed.org\/wp-content\/uploads\/2019\/06\/07.08.16-Le-trao-hoc-bong-VNSDF-Can-Tho-Tap-the-2.jpg?resize=150%2C150&#038;ssl=1\" alt=\"07.08.16 Le trao hoc bong VNSDF Can Tho- Tap the (2)\" title=\"07.08.16 Le trao hoc bong VNSDF Can Tho- Tap the (2)\" data-description=\"\" \/><\/li><li><img data-recalc-dims=\"1\" height=\"150\" width=\"150\" decoding=\"async\" class=\"amazingslider-thumbnail-elem amazingsliderthumbnailimg\" src=\"https:\/\/i0.wp.com\/helvietmed.org\/wp-content\/uploads\/2019\/06\/07.08.16-Tat-ca-sinh-vien-Helvietmed-Can-Tho.jpg?resize=150%2C150&#038;ssl=1\" alt=\"07.08.16 Tat ca sinh vien Helvietmed Can Tho\" title=\"07.08.16 Tat ca sinh vien Helvietmed Can Tho\" data-description=\"\" \/><\/li><li><img data-recalc-dims=\"1\" height=\"150\" width=\"150\" decoding=\"async\" class=\"amazingslider-thumbnail-elem amazingsliderthumbnailimg\" src=\"https:\/\/i0.wp.com\/helvietmed.org\/wp-content\/uploads\/2019\/06\/07.08.16-Trao-hoc-bong-Helvietmed-normal-2.jpg?resize=150%2C150&#038;ssl=1\" alt=\"07.08.16 Trao hoc bong Helvietmed normal (2)\" title=\"07.08.16 Trao hoc bong Helvietmed normal (2)\" data-description=\"\" \/><\/li><li><img data-recalc-dims=\"1\" height=\"150\" width=\"150\" decoding=\"async\" class=\"amazingslider-thumbnail-elem amazingsliderthumbnailimg\" src=\"https:\/\/i0.wp.com\/helvietmed.org\/wp-content\/uploads\/2019\/06\/07.08.16-trao-qua-tang-cho-2-khac-moi-Tan-va-Hai-1.jpg?resize=150%2C150&#038;ssl=1\" alt=\"07.08.16 trao qua tang cho 2 khac moi Tan va Hai (1)\" title=\"07.08.16 trao qua tang cho 2 khac moi Tan va Hai (1)\" data-description=\"\" \/><\/li><li><img data-recalc-dims=\"1\" height=\"150\" width=\"150\" decoding=\"async\" class=\"amazingslider-thumbnail-elem amazingsliderthumbnailimg\" src=\"https:\/\/i0.wp.com\/helvietmed.org\/wp-content\/uploads\/2019\/06\/07.08.16-voi-thay-Vinh-va-Tan-va-chi-Phi-2.jpg?resize=150%2C150&#038;ssl=1\" alt=\"07.08.16 voi thay Vinh va Tan va chi Phi (2)\" title=\"07.08.16 voi thay Vinh va Tan va chi Phi (2)\" data-description=\"\" \/><\/li><li><img data-recalc-dims=\"1\" height=\"150\" width=\"150\" decoding=\"async\" class=\"amazingslider-thumbnail-elem amazingsliderthumbnailimg\" src=\"https:\/\/i0.wp.com\/helvietmed.org\/wp-content\/uploads\/2019\/06\/07.08.16-Workshop-VNSDF-Can-Tho-2.jpg?resize=150%2C150&#038;ssl=1\" alt=\"07.08.16 Workshop VNSDF Can Tho (2)\" title=\"07.08.16 Workshop VNSDF Can Tho (2)\" data-description=\"\" \/><\/li><li><img data-recalc-dims=\"1\" height=\"150\" width=\"150\" decoding=\"async\" class=\"amazingslider-thumbnail-elem amazingsliderthumbnailimg\" src=\"https:\/\/i0.wp.com\/helvietmed.org\/wp-content\/uploads\/2019\/06\/IMG_7332.jpg?resize=150%2C150&#038;ssl=1\" alt=\"IMG_7332\" title=\"IMG_7332\" data-description=\"\" \/><\/li><li><img data-recalc-dims=\"1\" height=\"150\" width=\"150\" decoding=\"async\" class=\"amazingslider-thumbnail-elem amazingsliderthumbnailimg\" src=\"https:\/\/i0.wp.com\/helvietmed.org\/wp-content\/uploads\/2019\/06\/MG_7000.jpg?resize=150%2C150&#038;ssl=1\" alt=\"_MG_7000\" title=\"_MG_7000\" data-description=\"\" \/><\/li><li><img data-recalc-dims=\"1\" height=\"150\" width=\"150\" decoding=\"async\" class=\"amazingslider-thumbnail-elem amazingsliderthumbnailimg\" src=\"https:\/\/i0.wp.com\/helvietmed.org\/wp-content\/uploads\/2019\/06\/08.10.16-Le-trao-hoc-bong-Helviemed-Adelman-khoa-Y-DHQG-3.jpg?resize=150%2C150&#038;ssl=1\" alt=\"08.10.16 Le trao hoc bong Helviemed Adelman-khoa Y DHQG (3)\" title=\"08.10.16 Le trao hoc bong Helviemed Adelman-khoa Y DHQG (3)\" data-description=\"\" \/><\/li><li><img data-recalc-dims=\"1\" height=\"150\" width=\"150\" decoding=\"async\" class=\"amazingslider-thumbnail-elem amazingsliderthumbnailimg\" src=\"https:\/\/i0.wp.com\/helvietmed.org\/wp-content\/uploads\/2019\/06\/08.10.16-Le-trao-hoc-bong-Helviemed-Adelman-khoa-Y-DHQG-2.jpg?resize=150%2C150&#038;ssl=1\" alt=\"08.10.16 Le trao hoc bong Helviemed Adelman-khoa Y DHQG (2)\" title=\"08.10.16 Le trao hoc bong Helviemed Adelman-khoa Y DHQG (2)\" data-description=\"\" \/><\/li><li><img data-recalc-dims=\"1\" height=\"150\" width=\"150\" decoding=\"async\" class=\"amazingslider-thumbnail-elem amazingsliderthumbnailimg\" src=\"https:\/\/i0.wp.com\/helvietmed.org\/wp-content\/uploads\/2019\/06\/08.10.16-Le-trao-hoc-bong-Helviemed-Adelman-khoa-Y-DHQG-1.jpg?resize=150%2C150&#038;ssl=1\" alt=\"08.10.16 Le trao hoc bong Helviemed Adelman-khoa Y DHQG (1)\" title=\"08.10.16 Le trao hoc bong Helviemed Adelman-khoa Y DHQG (1)\" data-description=\"\" \/><\/li><li><img data-recalc-dims=\"1\" height=\"150\" width=\"150\" decoding=\"async\" class=\"amazingslider-thumbnail-elem amazingsliderthumbnailimg\" src=\"https:\/\/i0.wp.com\/helvietmed.org\/wp-content\/uploads\/2019\/06\/HelvietmedGroup_SoMVNU_2.jpg?resize=150%2C150&#038;ssl=1\" alt=\"HelvietmedGroup_SoMVNU_2\" title=\"HelvietmedGroup_SoMVNU_2\" data-description=\"\" \/><\/li><li><img data-recalc-dims=\"1\" height=\"150\" width=\"150\" decoding=\"async\" class=\"amazingslider-thumbnail-elem amazingsliderthumbnailimg\" src=\"https:\/\/i0.wp.com\/helvietmed.org\/wp-content\/uploads\/2019\/06\/14_08_16-Workshop-VNSDF-Saigon-Tap-the.jpg?resize=150%2C150&#038;ssl=1\" alt=\"14_08_16 Workshop VNSDF Saigon-Tap the\" title=\"14_08_16 Workshop VNSDF Saigon-Tap the\" data-description=\"\" \/><\/li><li><img data-recalc-dims=\"1\" height=\"150\" width=\"150\" decoding=\"async\" class=\"amazingslider-thumbnail-elem amazingsliderthumbnailimg\" src=\"https:\/\/i0.wp.com\/helvietmed.org\/wp-content\/uploads\/2019\/06\/MG_7031.jpg?resize=150%2C150&#038;ssl=1\" alt=\"_MG_7031\" title=\"_MG_7031\" data-description=\"\" \/><\/li><\/ul><\/div><\/div>","protected":false},"excerpt":{"rendered":"<p>Mission annuelle au Vi\u00eatnam r\u00e9alis\u00e9e par Dre Huynh-Do Phi (8.2016) Resserrer les liens avec les coll\u00e8gues de l&#8217;Universit\u00e9 de M\u00e9decine et Pharmacie de Cantho (CTUMP) et de la SoM de la VNU Saigon R\u00e9alisation des workshops \u00e0 Saigon et Cantho Rencontre avec les membres de Helvietmed du Vietnam, rencontre avec les \u00e9tudiants de Sa\u00efgon et de Cantho et remise des bourses Rencontre avec l&#8217;\u00e9quipe de la VNSDF repr\u00e9sent\u00e9e par Madame Dang Minh Phuong Interviews et s\u00e9lection de nouveaux boursiers au Vi\u00eatnam<\/p>","protected":false},"author":158048969,"featured_media":0,"parent":0,"menu_order":0,"comment_status":"closed","ping_status":"closed","template":"","meta":{"_crdt_document":"","advanced_seo_description":"","jetpack_seo_html_title":"","jetpack_seo_noindex":false,"jetpack_post_was_ever_published":false,"footnotes":""},"class_list":["post-1523","page","type-page","status-publish","hentry"],"jetpack_likes_enabled":true,"jetpack_sharing_enabled":true,"jetpack_shortlink":"https:\/\/wp.me\/Pb0jKy-oz","amp_enabled":true,"_links":{"self":[{"href":"https:\/\/helvietmed.org\/vi\/wp-json\/wp\/v2\/pages\/1523","targetHints":{"allow":["GET"]}}],"collection":[{"href":"https:\/\/helvietmed.org\/vi\/wp-json\/wp\/v2\/pages"}],"about":[{"href":"https:\/\/helvietmed.org\/vi\/wp-json\/wp\/v2\/types\/page"}],"author":[{"embeddable":true,"href":"https:\/\/helvietmed.org\/vi\/wp-json\/wp\/v2\/users\/158048969"}],"replies":[{"embeddable":true,"href":"https:\/\/helvietmed.org\/vi\/wp-json\/wp\/v2\/comments?post=1523"}],"version-history":[{"count":3,"href":"https:\/\/helvietmed.org\/vi\/wp-json\/wp\/v2\/pages\/1523\/revisions"}],"predecessor-version":[{"id":1636,"href":"https:\/\/helvietmed.org\/vi\/wp-json\/wp\/v2\/pages\/1523\/revisions\/1636"}],"wp:attachment":[{"href":"https:\/\/helvietmed.org\/vi\/wp-json\/wp\/v2\/media?parent=1523"}],"curies":[{"name":"wp","href":"https:\/\/api.w.org\/{rel}","templated":true}]}}