{"id":2280,"date":"2020-09-19T22:43:23","date_gmt":"2020-09-19T22:43:23","guid":{"rendered":"https:\/\/helvietmed.org\/?page_id=2280"},"modified":"2020-09-19T22:43:40","modified_gmt":"2020-09-19T22:43:40","slug":"bates-chapter-6","status":"publish","type":"page","link":"https:\/\/helvietmed.org\/vi\/bates-chapter-6\/","title":{"rendered":"Bates- Chapter 6"},"content":{"rendered":"<p><a href=\"https:\/\/helvietmed.org\/wp-content\/uploads\/2020\/09\/Chuong-6-Da-Toc-va-Mong.pdf\">Ch\u01b0\u01a1ng 6- Da, T\u00f3c v\u00e0 M\u00f3ng<\/a><\/p>","protected":false},"excerpt":{"rendered":"<p>Ch\u01b0\u01a1ng 6- Da, T\u00f3c v\u00e0 M\u00f3ng<\/p>","protected":false},"author":158048969,"featured_media":0,"parent":0,"menu_order":0,"comment_status":"closed","ping_status":"closed","template":"","meta":{"_crdt_document":"","advanced_seo_description":"","jetpack_seo_html_title":"","jetpack_seo_noindex":false,"footnotes":""},"class_list":["post-2280","page","type-page","status-publish","hentry"],"jetpack_likes_enabled":true,"jetpack_sharing_enabled":true,"jetpack_shortlink":"https:\/\/wp.me\/Pb0jKy-AM","amp_enabled":true,"_links":{"self":[{"href":"https:\/\/helvietmed.org\/vi\/wp-json\/wp\/v2\/pages\/2280","targetHints":{"allow":["GET"]}}],"collection":[{"href":"https:\/\/helvietmed.org\/vi\/wp-json\/wp\/v2\/pages"}],"about":[{"href":"https:\/\/helvietmed.org\/vi\/wp-json\/wp\/v2\/types\/page"}],"author":[{"embeddable":true,"href":"https:\/\/helvietmed.org\/vi\/wp-json\/wp\/v2\/users\/158048969"}],"replies":[{"embeddable":true,"href":"https:\/\/helvietmed.org\/vi\/wp-json\/wp\/v2\/comments?post=2280"}],"version-history":[{"count":2,"href":"https:\/\/helvietmed.org\/vi\/wp-json\/wp\/v2\/pages\/2280\/revisions"}],"predecessor-version":[{"id":2282,"href":"https:\/\/helvietmed.org\/vi\/wp-json\/wp\/v2\/pages\/2280\/revisions\/2282"}],"wp:attachment":[{"href":"https:\/\/helvietmed.org\/vi\/wp-json\/wp\/v2\/media?parent=2280"}],"curies":[{"name":"wp","href":"https:\/\/api.w.org\/{rel}","templated":true}]}}