{"id":251,"date":"2019-05-26T19:16:19","date_gmt":"2019-05-26T19:16:19","guid":{"rendered":"https:\/\/helvietmed.org\/?page_id=251"},"modified":"2019-06-15T13:09:49","modified_gmt":"2019-06-15T13:09:49","slug":"traing-in-clinical-laboratory","status":"publish","type":"page","link":"https:\/\/helvietmed.org\/vi\/traing-in-clinical-laboratory\/","title":{"rendered":"Training in Clinical Laboratory"},"content":{"rendered":"<p>&nbsp;<\/p>\n<p>This &#8220;Project of clinical laboratory training&#8221;\u00a0was elaborated by\u00a0Dr. Beno\u00eet Fellay, as well as by Dr.\u00a0Jean-Luc Magnin, all FAMH and directors of the Central Laboratory at H\u00f4pital Fribourgeois in 2014.<\/p>\n<p>You will find more details here<\/p>\n<p><a title=\"Concept de formation en laboratoire m\u00e9dical HFR-Helvietmed\" href=\"https:\/\/helvietmed.org\/wp-content\/uploads\/Documents\/Concept-de-formation-en-laboratoire-m\u00e9dical-HFR-Helvietmed.pdf\">Concept de formation en laboratoire m\u00e9dical HFR-Helvietmed<\/a><\/p>\n<p><a title=\"Accord de la direction HFR pour stage\" href=\"https:\/\/helvietmed.org\/wp-content\/uploads\/Documents\/Accord-de-la-direction-HFR-pour-stage-.pdf\"><span style=\"color: #0066cc;\">Accord de la direction HFR pour stage<\/span><\/a><\/p>\n<p>&nbsp;<\/p>\n<div id=\"v-XUCISJNa-1\" class=\"video-player\"><iframe title='Tr\u00ecnh ph\u00e1t video VideoPress' aria-label='Tr\u00ecnh ph\u00e1t video VideoPress' width='840' height='472' src='https:\/\/videopress.com\/embed\/XUCISJNa?hd=1&amp;cover=1&amp;loop=0&amp;autoPlay=0&amp;permalink=1&amp;muted=0&amp;controls=1&amp;playsinline=0&amp;useAverageColor=0&amp;preloadContent=metadata' frameborder='0' allowfullscreen data-resize-to-parent=\"true\" allow='clipboard-write'><\/iframe><script src='https:\/\/s0.wp.com\/wp-content\/plugins\/video\/assets\/js\/next\/videopress-iframe.js'><\/script><\/div>\n<p>&nbsp;<\/p>","protected":false},"excerpt":{"rendered":"<p>&nbsp; This &#8220;Project of clinical laboratory training&#8221;\u00a0was elaborated by\u00a0Dr. Beno\u00eet Fellay, as well as by Dr.\u00a0Jean-Luc Magnin, all FAMH and directors of the Central Laboratory at H\u00f4pital Fribourgeois in 2014. You will find more details here Concept de formation en laboratoire m\u00e9dical HFR-Helvietmed Accord de la direction HFR pour stage &nbsp; &nbsp;<\/p>","protected":false},"author":158048969,"featured_media":0,"parent":0,"menu_order":0,"comment_status":"closed","ping_status":"closed","template":"","meta":{"_crdt_document":"","advanced_seo_description":"","jetpack_seo_html_title":"","jetpack_seo_noindex":false,"footnotes":""},"class_list":["post-251","page","type-page","status-publish","hentry"],"jetpack_likes_enabled":true,"jetpack_sharing_enabled":true,"jetpack_shortlink":"https:\/\/wp.me\/Pb0jKy-43","amp_enabled":true,"_links":{"self":[{"href":"https:\/\/helvietmed.org\/vi\/wp-json\/wp\/v2\/pages\/251","targetHints":{"allow":["GET"]}}],"collection":[{"href":"https:\/\/helvietmed.org\/vi\/wp-json\/wp\/v2\/pages"}],"about":[{"href":"https:\/\/helvietmed.org\/vi\/wp-json\/wp\/v2\/types\/page"}],"author":[{"embeddable":true,"href":"https:\/\/helvietmed.org\/vi\/wp-json\/wp\/v2\/users\/158048969"}],"replies":[{"embeddable":true,"href":"https:\/\/helvietmed.org\/vi\/wp-json\/wp\/v2\/comments?post=251"}],"version-history":[{"count":4,"href":"https:\/\/helvietmed.org\/vi\/wp-json\/wp\/v2\/pages\/251\/revisions"}],"predecessor-version":[{"id":1333,"href":"https:\/\/helvietmed.org\/vi\/wp-json\/wp\/v2\/pages\/251\/revisions\/1333"}],"wp:attachment":[{"href":"https:\/\/helvietmed.org\/vi\/wp-json\/wp\/v2\/media?parent=251"}],"curies":[{"name":"wp","href":"https:\/\/api.w.org\/{rel}","templated":true}]}}