{"id":2611,"date":"2022-01-15T12:31:18","date_gmt":"2022-01-15T12:31:18","guid":{"rendered":"https:\/\/helvietmed.org\/?page_id=2611"},"modified":"2022-01-15T12:31:18","modified_gmt":"2022-01-15T12:31:18","slug":"annual-report-2020","status":"publish","type":"page","link":"https:\/\/helvietmed.org\/vi\/annual-report-2020\/","title":{"rendered":"Annual report 2020"},"content":{"rendered":"<p><strong>Vergelt\u2019s Gott.<\/strong><\/p>\n<p><strong>\u00a0<\/strong><\/p>\n<p>Dear sponsors, dear donors,<\/p>\n<p>Dear friends,<\/p>\n<p>Dear students,<\/p>\n<p>&nbsp;<\/p>\n<p>On behalf of us all, I would like to thank you for the creation, the maintenance and for your continual support for the Helvietmed since <strong>ten years<\/strong>. \u00a0Our actions have been very fruitful: the 106 doctors who graduated in the framework of the SEE-Responsibly project.<\/p>\n<p>&nbsp;<\/p>\n<h2><a name=\"_Toc71980275\"><\/a><strong>1.\u00a0\u00a0\u00a0\u00a0\u00a0 <\/strong><strong>SEE-Responsibly project<\/strong><\/h2>\n<p>&nbsp;<\/p>\n<p>Since its launch in 2011, we have supported 128 students (no new scholarship student in 2020-2021), from which many throughout their 6-year medicine studies in Hanoi, Saigon and Cantho. In summer 2020, 88 have graduated and have found a job during their post-graduate studies, either in Vietnam or abroad. A significant number of alumni have started to produce high-quality scientific publications. Many have participated in the translation project of the \u201cBates\u2019 guide to physical examination and clinical examination\u201d.<\/p>\n<p><strong>This summer 2021, we expect 18 new graduates, which will bring the total number to 106. <\/strong><\/p>\n<p>&nbsp;<\/p>\n<p>The table below summarizes the evolution of the project, the future of which will depend on all of us: members, sponsors, donors and students.<\/p>\n<p>&nbsp;<\/p>\n<p><strong>See-responsibly project- Evolution<\/strong><\/p>\n<table width=\"847\">\n<tbody>\n<tr>\n<td width=\"114\"><\/td>\n<td width=\"67\">2011<\/td>\n<td width=\"67\">2012<\/td>\n<td width=\"67\">2013<\/td>\n<td width=\"67\">2014<\/td>\n<td width=\"67\">2015<\/td>\n<td width=\"67\">2016<\/td>\n<td width=\"67\">2017<\/td>\n<td width=\"67\">2018<\/td>\n<td width=\"67\">2019<\/td>\n<td width=\"67\">2020<\/td>\n<td width=\"67\">2021<\/td>\n<\/tr>\n<tr>\n<td width=\"114\">Income (CHF)<\/td>\n<td width=\"67\">5&#8217;903<\/td>\n<td width=\"67\">12&#8217;448<\/td>\n<td width=\"67\">15&#8217;425<\/td>\n<td width=\"67\">18&#8217;906<\/td>\n<td width=\"67\">16154<\/td>\n<td width=\"67\">22400<\/td>\n<td width=\"67\">22850<\/td>\n<td width=\"67\">31900<\/td>\n<td width=\"67\">32450<\/td>\n<td width=\"67\">14507<\/td>\n<td width=\"67\"><\/td>\n<\/tr>\n<tr>\n<td width=\"114\">Expenditure (CHF)<\/td>\n<td width=\"67\">3&#8217;189<\/td>\n<td width=\"67\">8&#8217;774<\/td>\n<td width=\"67\">12&#8217;763<\/td>\n<td width=\"67\">15&#8217;605<\/td>\n<td width=\"67\">19894<\/td>\n<td width=\"67\">19900<\/td>\n<td width=\"67\">27650<\/td>\n<td width=\"67\">31218<\/td>\n<td width=\"67\">18542<\/td>\n<td width=\"67\">35500<\/td>\n<td width=\"67\"><\/td>\n<\/tr>\n<tr>\n<td width=\"114\">Fortune (CHF)<\/td>\n<td width=\"67\">2714<\/td>\n<td width=\"67\">7889<\/td>\n<td width=\"67\">9051<\/td>\n<td width=\"67\">12355<\/td>\n<td width=\"67\">8622<\/td>\n<td width=\"67\">8765<\/td>\n<td width=\"67\">3965<\/td>\n<td width=\"67\">5212<\/td>\n<td width=\"67\"><strong>14615<\/strong><\/td>\n<td width=\"67\"><strong>3999<\/strong><\/td>\n<td width=\"67\"><strong>\u00a0<\/strong><\/td>\n<\/tr>\n<tr>\n<td width=\"114\">Members (n)<\/td>\n<td width=\"67\">17<\/td>\n<td width=\"67\">25<\/td>\n<td width=\"67\">29<\/td>\n<td width=\"67\">32<\/td>\n<td width=\"67\">34<\/td>\n<td width=\"67\">33<\/td>\n<td width=\"67\">31<\/td>\n<td width=\"67\">31<\/td>\n<td width=\"67\">31<\/td>\n<td width=\"67\">31<\/td>\n<td width=\"67\"><\/td>\n<\/tr>\n<tr>\n<td width=\"114\">Int. sponsors (n)<\/td>\n<td width=\"67\">15<\/td>\n<td width=\"67\">15<\/td>\n<td width=\"67\">19<\/td>\n<td width=\"67\">20<\/td>\n<td width=\"67\">20<\/td>\n<td width=\"67\">19<\/td>\n<td width=\"67\">14<\/td>\n<td width=\"67\">15<\/td>\n<td width=\"67\">12<\/td>\n<td width=\"67\">14<\/td>\n<td width=\"67\"><\/td>\n<\/tr>\n<tr>\n<td width=\"114\">Ext. sponsors (1)*<\/td>\n<td width=\"67\">8<\/td>\n<td width=\"67\">10<\/td>\n<td width=\"67\">8<\/td>\n<td width=\"67\">13<\/td>\n<td width=\"67\">13<\/td>\n<td width=\"67\">9<\/td>\n<td width=\"67\">6<\/td>\n<td width=\"67\">9<\/td>\n<td width=\"67\">9<\/td>\n<td width=\"67\">8<\/td>\n<td width=\"67\"><\/td>\n<\/tr>\n<tr>\n<td width=\"114\">Ext. sponsors (2)*<\/td>\n<td width=\"67\">2<\/td>\n<td width=\"67\">5<\/td>\n<td width=\"67\">4<\/td>\n<td width=\"67\">3<\/td>\n<td width=\"67\">2<\/td>\n<td width=\"67\">4<\/td>\n<td width=\"67\">2<\/td>\n<td width=\"67\">2<\/td>\n<td width=\"67\">2<\/td>\n<td width=\"67\">1<\/td>\n<td width=\"67\"><\/td>\n<\/tr>\n<tr>\n<td width=\"114\"><strong>Students (n)<\/strong><\/td>\n<td width=\"67\">10<\/td>\n<td width=\"67\">10<\/td>\n<td width=\"67\">24<\/td>\n<td width=\"67\">44<\/td>\n<td width=\"67\">49<\/td>\n<td width=\"67\">49<\/td>\n<td width=\"67\">67<\/td>\n<td width=\"67\"><strong>64<\/strong><\/td>\n<td width=\"67\"><strong>57<\/strong><\/td>\n<td width=\"67\"><strong>37<\/strong><\/td>\n<td width=\"67\"><strong>?<\/strong><\/td>\n<\/tr>\n<tr>\n<td width=\"114\"><strong>Graduates n (tot**)<\/strong><\/td>\n<td width=\"67\">0<\/td>\n<td width=\"67\">1<\/td>\n<td width=\"67\">0<\/td>\n<td width=\"67\">8(9)<\/td>\n<td width=\"67\">6(15)<\/td>\n<td width=\"67\">5(20)<\/td>\n<td width=\"67\">20(40)<\/td>\n<td width=\"67\"><strong>10(50)<\/strong><\/td>\n<td width=\"67\"><strong>21 (71)<\/strong><\/td>\n<td width=\"67\"><strong>17(88)<\/strong><\/td>\n<td width=\"67\"><strong>18(106)<\/strong><\/td>\n<\/tr>\n<\/tbody>\n<\/table>\n<p>*) (1) private sponsors; (2) institutional sponsors<\/p>\n<p>**) total number accumulated since 2011<\/p>\n<p>&nbsp;<\/p>\n<p>The academic year of 2021-2022 will unfortunately not be brighter than 2020-2021 for our students, the year which we have decided not to award any scholarship. Registration fees keep increasing tremendously. Our modest scholarships \u2013 initially aiming to cover these fees substantially \u2013 have truly become insufficient. We will continue the program for our existing scholarship recipients, given that their registration fees have remained the same thanks to acquired rights. We will however need to decide the next course of action for this beautiful project.<\/p>\n<p>PLease continue reading here &#8230;<\/p>\n<p><a href=\"https:\/\/helvietmed.org\/wp-content\/uploads\/2022\/01\/Helvietmed_Annual-report-2020-Final.pdf\">Helvietmed_Annual report 2020- Final<\/a><\/p>\n<p><a href=\"https:\/\/helvietmed.org\/wp-content\/uploads\/2022\/01\/Annexes-au-rapport-2020.pdf\">Annexes au rapport 2020<\/a><\/p>\n<p><strong>Vergelt&#8217;s Gott<\/strong><\/p>\n<p>&nbsp;<\/p>\n<p>Chers sponsors, chers donateurs,<\/p>\n<p>Ch\u00e8res Amies, chers Amis,<\/p>\n<p>Ch\u00e8res \u00e9tudiantes, chers \u00e9tudiants.<\/p>\n<p>&nbsp;<\/p>\n<p>Au nom de nous tous, je vous remercie de votre engagement pour la cr\u00e9ation, le maintien de l&#8217;Helvietmed et pour votre soutien constant de ses activit\u00e9s <strong>depuis dix ans<\/strong>. Nos actions ont apport\u00e9 bien des fruits : les 106 m\u00e9decins form\u00e9s dans le cadre du projet BEE-Responsible.<\/p>\n<p>&nbsp;<\/p>\n<h1><a name=\"_Toc71836048\"><\/a><strong>1.\u00a0\u00a0\u00a0\u00a0\u00a0\u00a0\u00a0 <\/strong><strong>BEE-Responsible\u00a0: Bourse d&#8217;Encouragement \u00e0 une Elite par la Responsabilit\u00e9<\/strong><\/h1>\n<p>&nbsp;<\/p>\n<p>Depuis son lancement en 2011, nous avons soutenu un total 128 \u00e9tudiants (pas de nouveaux boursiers en 2020-2021), un bon nombre tout au long de leurs 6 ans d&#8217;\u00e9tude de m\u00e9decine, provenant de Hanoi, Saigon et Cantho. En \u00e9t\u00e9 2020, 88 ont termin\u00e9 leurs \u00e9tudes, tous ont trouv\u00e9 un emploi tout en poursuivant leurs formations post-gradu\u00e9es, au Vietnam et \u00e0 l&#8217;\u00e9tranger. Un nombre non-n\u00e9gligeable de nos anciens \u00e9tudiants a commenc\u00e9 \u00e0 produire des publications scientifiques. Nombreux ont particip\u00e9 au travail de traduction du livre &#8220;Bates&#8217; guide to physical examination and clinical examination&#8221;.<\/p>\n<p><strong>Cet \u00e9t\u00e9 2021, 18 nouveaux dipl\u00f4m\u00e9s sont attendus, portant le nombre total \u00e0 106 m\u00e9decins. <\/strong><\/p>\n<p>Le tableau ci-dessous r\u00e9sume l&#8217;\u00e9volution du projet dont l&#8217;avenir d\u00e9pendra de nous tous: membres, sponsors et \u00e9tudiants.<\/p>\n<p>Merci de continuer la lecture ici&#8230;.<\/p>\n<p><a href=\"https:\/\/helvietmed.org\/wp-content\/uploads\/2022\/01\/Helvietmed_Rapport-annuel-2020_FR_final.pdf\">Helvietmed_Rapport annuel 2020_FR_final<\/a><\/p>\n<p><a href=\"https:\/\/helvietmed.org\/wp-content\/uploads\/2022\/01\/Annexes-au-rapport-2020.pdf\">Annexes au rapport 2020<\/a><\/p>","protected":false},"excerpt":{"rendered":"<p>Vergelt\u2019s Gott. \u00a0 Dear sponsors, dear donors, Dear friends, Dear students, &nbsp; On behalf of us all, I would like to thank you for the creation, the maintenance and for your continual support for the Helvietmed since ten years. \u00a0Our actions have been very fruitful: the 106 doctors who graduated in the framework of the SEE-Responsibly project. &nbsp; 1.\u00a0\u00a0\u00a0\u00a0\u00a0 SEE-Responsibly project &nbsp; Since its launch in 2011, we have supported 128 students (no new scholarship student in 2020-2021), from which many throughout their 6-year medicine studies in Hanoi, Saigon and Cantho. In summer 2020, 88 have graduated and have found a job during their post-graduate studies, either in Vietnam or abroad. A significant number of alumni have started to produce high-quality scientific publications. Many have participated in the translation project of the \u201cBates\u2019 guide to physical examination and clinical examination\u201d. This summer 2021, we expect 18 new graduates, which will bring the total number to 106. &nbsp; The table below summarizes the evolution of the project, the future of which will depend on all of &hellip;<\/p>","protected":false},"author":158048969,"featured_media":0,"parent":0,"menu_order":0,"comment_status":"closed","ping_status":"closed","template":"","meta":{"_crdt_document":"","advanced_seo_description":"","jetpack_seo_html_title":"","jetpack_seo_noindex":false,"footnotes":""},"class_list":["post-2611","page","type-page","status-publish","hentry"],"jetpack_likes_enabled":true,"jetpack_sharing_enabled":true,"jetpack_shortlink":"https:\/\/wp.me\/Pb0jKy-G7","amp_enabled":true,"_links":{"self":[{"href":"https:\/\/helvietmed.org\/vi\/wp-json\/wp\/v2\/pages\/2611","targetHints":{"allow":["GET"]}}],"collection":[{"href":"https:\/\/helvietmed.org\/vi\/wp-json\/wp\/v2\/pages"}],"about":[{"href":"https:\/\/helvietmed.org\/vi\/wp-json\/wp\/v2\/types\/page"}],"author":[{"embeddable":true,"href":"https:\/\/helvietmed.org\/vi\/wp-json\/wp\/v2\/users\/158048969"}],"replies":[{"embeddable":true,"href":"https:\/\/helvietmed.org\/vi\/wp-json\/wp\/v2\/comments?post=2611"}],"version-history":[{"count":4,"href":"https:\/\/helvietmed.org\/vi\/wp-json\/wp\/v2\/pages\/2611\/revisions"}],"predecessor-version":[{"id":2615,"href":"https:\/\/helvietmed.org\/vi\/wp-json\/wp\/v2\/pages\/2611\/revisions\/2615"}],"wp:attachment":[{"href":"https:\/\/helvietmed.org\/vi\/wp-json\/wp\/v2\/media?parent=2611"}],"curies":[{"name":"wp","href":"https:\/\/api.w.org\/{rel}","templated":true}]}}