{"id":2627,"date":"2022-01-15T17:17:09","date_gmt":"2022-01-15T17:17:09","guid":{"rendered":"https:\/\/helvietmed.org\/?page_id=2627"},"modified":"2022-01-15T17:21:01","modified_gmt":"2022-01-15T17:21:01","slug":"students-list-2020-2021","status":"publish","type":"page","link":"https:\/\/helvietmed.org\/vi\/students-list-2020-2021\/","title":{"rendered":"Students list 2020-2021"},"content":{"rendered":"<h2><a name=\"_Toc71980287\"><\/a>Scholarship students 2020-2021 (n=37)<\/h2>\n<p><strong>\u00a0<\/strong><\/p>\n<p><strong>Universit\u00e9 de M\u00e9decine et Pharmacie de Saigon (UMP-Saigon, n=6)<\/strong><\/p>\n<ol>\n<li>L\u00ea Thanh Truy\u1ec1n, 1997, 6\u00e8me ann\u00e9e, (truyen202@gmail.com) (Adelman)<\/li>\n<li>Madame Nguy\u1ec5n Th\u1ecb Ph\u01b0\u01a1ng, 1998, 5 \u00e8me ann\u00e9e, (<a href=\"mailto:phuongchauhoa229@gmail.com\">phuongchauhoa229@gmail.com<\/a>) (Adelman)<\/li>\n<li>\u0110\u1eb7ng \u0110\u0103ng Kh\u00f4i, 5<sup>\u00e8me<\/sup> ann\u00e9e (<a href=\"mailto:dangkhoi1998@gmail.com\">dangkhoi1998@gmail.com<\/a>) (Adelman)<\/li>\n<li>Madame Nguy\u1ec5n Th\u1ecb Xu\u00e2n Di\u1ec7u, 5\u00e8me ann\u00e9e, (xuandieuyds@gmail.com)<\/li>\n<li>Monsieur Tr\u01b0\u01a1ng H\u1eefu Duy\u00ean, 5 \u00e8me ann\u00e9e, (truonghuuduyen090498@gmail.com)<\/li>\n<li>Monsieur Tr\u01b0\u01a1ng V\u0103n Qu\u1ed1c, 3 \u00e8me ann\u00e9e, (doimatthan2000@gmail.com)<\/li>\n<\/ol>\n<p>&nbsp;<\/p>\n<p><strong>Universit\u00e9 de M\u00e9decine PHAM NGOC THACH de Saigon (n=0)<\/strong><\/p>\n<p><strong>\u00a0<\/strong><\/p>\n<p><strong>Universit\u00e9 Nationale du Vietnam- Ecole de M\u00e9decine et Pharmacie \u00e0 Saigon (n=17)<\/strong><\/p>\n<ol>\n<li>Ho\u00e0ng Xu\u00e2n Song, 1997, 6\u00e8me ann\u00e9e, (hxsong.stu15@medvnu.edu.vn) (Adelman)<\/li>\n<li>Madame \u0110\u1ed7 Th\u00e1i Ho\u00e0ng V\u00e2n, 1997, 6\u00e8me ann\u00e9e, (vanthaihoangpy@gmail.com) (Adelman)<\/li>\n<li>Nguy\u1ec5n Ho\u00e0ng Lan, 6\u00e8me ann\u00e9e, (nghoanglan96@gmail.com) (Adelman)<\/li>\n<li>L\u00e2m Ho\u00e0i Thanh, 6\u00e8me ann\u00e9e, (<a href=\"mailto:lamhoaithanh12a1@gmail.com\">lamhoaithanh12a1@gmail.com<\/a>) (Adelman)<\/li>\n<li>Ph\u1ea1m H\u1eefu Nghi\u00eam, 6\u00e8meann\u00e9e, (<a href=\"mailto:nghiem0602pq@gmail.com\">nghiem0602pq@gmail.com<\/a>) (Adelman)<\/li>\n<li>B\u00f9i Qu\u1ed1c C\u01b0\u1eddng, 6\u00e8me ann\u00e9e, (<a href=\"mailto:bqcuong.stu15@medvnu.edu.vn\">bqcuong.stu15@medvnu.edu.vn<\/a>) (Adelman)<\/li>\n<li>Mai Tr\u1ecdng Ti\u1ebfn, 6\u00e8me ann\u00e9e, (<a href=\"mailto:mttien.stu15@medvnu.edu.vn\">mttien.stu15@medvnu.edu.vn<\/a>) (Adelman)<\/li>\n<li>Tr\u1ea7n C\u01b0\u01a1ng, 6\u00e8me ann\u00e9e, (<a href=\"mailto:tcuong.stu15@medvnu.edu.vn\">tcuong.stu15@medvnu.edu.vn<\/a>) (Adelman)<\/li>\n<li>Madame Nguy\u1ec5n Kim H\u1eb1ng, 6 \u00e8me ann\u00e9e, (<a href=\"mailto:Kimhang27397@gmail.com\">Kimhang27397@gmail.com<\/a>) (Adelman)<\/li>\n<li>Madame Nguy\u1ec5n Th\u1ecb H\u01b0\u01a1ng, 6 \u00e8me ann\u00e9e, (<a href=\"mailto:huong25nt@gmail.com\">huong25nt@gmail.com<\/a>) (Adelman)<\/li>\n<li>Nguy\u1ec5n \u0110\u00ecnh Th\u01b0\u01a1ng, 1996, 5\u00e8me ann\u00e9e, (ndthuong.stu14@medvnu.edu.vn) (Adelman<\/li>\n<li>Madame Nguy\u1ec5n Th\u1ecb Ti\u1ec3u Ng\u1ecdc, 5\u00e8me ann\u00e9e, (<a href=\"mailto:tngoc1998@gmail.com\">tngoc1998@gmail.com<\/a>) (Adelman)<\/li>\n<li>Madame \u0110\u00e0ng Th\u1ecb M\u1ef9 D\u00e1ng, 5\u00e8me ann\u00e9e, (<a href=\"mailto:mydang0302@gmail.com\">mydang0302@gmail.com<\/a>) (Adelman)<\/li>\n<li>L\u00ea Vi\u1ebft M\u1ef9, 5\u00e8me ann\u00e9e, (<a href=\"mailto:Lvmy.y2016@medvnu.edu.vn\">Lvmy.y2016@medvnu.edu.vn<\/a>) (Adelman)<\/li>\n<li>Madame Nguy\u1ec5n Th\u1ecb T\u01b0\u1eddng Vi, 5\u00e8me ann\u00e9e, (<a href=\"mailto:tuongvi241197@gmail.com\">tuongvi241197@gmail.com<\/a>) (Adelman)<\/li>\n<li>Tr\u1ea7n S\u01a1n Tr\u00fac, 4\u00e8me ann\u00e9e, (tstruc.y2017@medvnu.edu.vn) <strong>(Adelman)<\/strong><\/li>\n<li>Nguy\u1ec5n Hu\u1ef3nh Thanh Tu\u1ea5n, 4 \u00e8me ann\u00e9e, (tuannguyenhuynhthanh@gmail.com)<strong> (Adelman)<\/strong><\/li>\n<\/ol>\n<p>&nbsp;<\/p>\n<p><strong>Universit\u00e9 de M\u00e9decine et Pharmacie de Can Tho (UMP-CT) (n=4)<\/strong><\/p>\n<ol>\n<li>Mai Quoc Long, 6\u00e8me ann\u00e9e, (<a href=\"mailto:maiquoclong991997@gmail.com\">maiquoclong991997@gmail.com<\/a>)<\/li>\n<li>Nguy\u1ec5n \u00dat Em, 1995, 6<sup>\u00e8me<\/sup> ann\u00e9e, (<a href=\"mailto:utemng@gmail.com\">utemng@gmail.com<\/a>)<\/li>\n<li>Kim Thanh L\u00e2m, 1996, 5<sup>\u00e8me<\/sup> ann\u00e9e, (Kimthanhlam360@gmail.com)<\/li>\n<li>Monsieur V\u00f5 Thanh Kh\u1ea3i, 2000, 3<sup>\u00e8me<\/sup> ann\u00e9e, (vothanhkhai.030200@gmail.com)<\/li>\n<\/ol>\n<p><strong>\u00a0<\/strong><\/p>\n<p><strong>Universit\u00e9 Nationale du Vietnam- \u00c9cole de M\u00e9decine et Pharmacie \u00e0 Hano\u00ef (n=10)<\/strong><\/p>\n<ol>\n<li>Madame Ho\u00e0ng Thu Huy\u1ec1n, 1997, 6 \u00e8me ann\u00e9e (<a href=\"mailto:hhuyen.hd@gmail.com\">hd@gmail.com<\/a>)<\/li>\n<li>Madame Nguy\u1ec5n Minh Nguy\u1ec7t, 1997, 6 \u00e8me ann\u00e9e (<a href=\"mailto:minhnguyetqtqptb@gmail.com\">minhnguyetqtqptb@gmail.com<\/a>)<\/li>\n<li>Madame V\u0169 Th\u1ecb \u00c1nh, 1997, 6\u00e8me ann\u00e9e (<a href=\"mailto:anhvukhoayduoc@gmail.com\">anhvukhoayduoc@gmail.com<\/a>)<\/li>\n<li><strong>Madame Le thi Anh Kim, 6 \u00e8me ann\u00e9e (<\/strong><a href=\"mailto:phuong.ydakhoa@gmail.com\"><strong>Kimlethianh@gmail.com<\/strong><\/a><strong>)<\/strong><\/li>\n<li>V\u0169 Th\u00e1i Ph\u01b0\u01a1ng Nam, 1998, 5\u00e8me ann\u00e9e, (Phuongnamlovefamily@gmail.com)<\/li>\n<li>Ng\u00f4 Ng\u1ecdc B\u00e1ch, 1998, 5\u00e8me ann\u00e9e, (ngongocbach1998@gmail.com)<\/li>\n<li>Ng\u00f4 \u0110\u1ee9c T\u00f9ng, 1998, 5\u00e8me ann\u00e9e (tung2321998@gmail.com)<\/li>\n<li>Tr\u1ecbnh H\u1eefu Ch\u00edn, 1998, 5 \u00e8me ann\u00e9e (Trinhhuu9@gmail.com)<\/li>\n<li><strong>Nguyen Thuy Duyen, 1999, 4\u00e8me ann\u00e9e ( thuyduyen1109@gmail.com)<\/strong><\/li>\n<li><strong>Chu Quang Huy, 1999, 4\u00e8me ann\u00e9e (huyharry99@gmail.com)<\/strong><\/li>\n<\/ol>\n<p>&nbsp;<\/p>","protected":false},"excerpt":{"rendered":"<p>Scholarship students 2020-2021 (n=37) \u00a0 Universit\u00e9 de M\u00e9decine et Pharmacie de Saigon (UMP-Saigon, n=6) L\u00ea Thanh Truy\u1ec1n, 1997, 6\u00e8me ann\u00e9e, (truyen202@gmail.com) (Adelman) Madame Nguy\u1ec5n Th\u1ecb Ph\u01b0\u01a1ng, 1998, 5 \u00e8me ann\u00e9e, (phuongchauhoa229@gmail.com) (Adelman) \u0110\u1eb7ng \u0110\u0103ng Kh\u00f4i, 5\u00e8me ann\u00e9e (dangkhoi1998@gmail.com) (Adelman) Madame Nguy\u1ec5n Th\u1ecb Xu\u00e2n Di\u1ec7u, 5\u00e8me ann\u00e9e, (xuandieuyds@gmail.com) Monsieur Tr\u01b0\u01a1ng H\u1eefu Duy\u00ean, 5 \u00e8me ann\u00e9e, (truonghuuduyen090498@gmail.com) Monsieur Tr\u01b0\u01a1ng V\u0103n Qu\u1ed1c, 3 \u00e8me ann\u00e9e, (doimatthan2000@gmail.com) &nbsp; Universit\u00e9 de M\u00e9decine PHAM NGOC THACH de Saigon (n=0) \u00a0 Universit\u00e9 Nationale du Vietnam- Ecole de M\u00e9decine et Pharmacie \u00e0 Saigon (n=17) Ho\u00e0ng Xu\u00e2n Song, 1997, 6\u00e8me ann\u00e9e, (hxsong.stu15@medvnu.edu.vn) (Adelman) Madame \u0110\u1ed7 Th\u00e1i Ho\u00e0ng V\u00e2n, 1997, 6\u00e8me ann\u00e9e, (vanthaihoangpy@gmail.com) (Adelman) Nguy\u1ec5n Ho\u00e0ng Lan, 6\u00e8me ann\u00e9e, (nghoanglan96@gmail.com) (Adelman) L\u00e2m Ho\u00e0i Thanh, 6\u00e8me ann\u00e9e, (lamhoaithanh12a1@gmail.com) (Adelman) Ph\u1ea1m H\u1eefu Nghi\u00eam, 6\u00e8meann\u00e9e, (nghiem0602pq@gmail.com) (Adelman) B\u00f9i Qu\u1ed1c C\u01b0\u1eddng, 6\u00e8me ann\u00e9e, (bqcuong.stu15@medvnu.edu.vn) (Adelman) Mai Tr\u1ecdng Ti\u1ebfn, 6\u00e8me ann\u00e9e, (mttien.stu15@medvnu.edu.vn) (Adelman) Tr\u1ea7n C\u01b0\u01a1ng, 6\u00e8me ann\u00e9e, (tcuong.stu15@medvnu.edu.vn) (Adelman) Madame Nguy\u1ec5n Kim H\u1eb1ng, 6 \u00e8me ann\u00e9e, (Kimhang27397@gmail.com) (Adelman) Madame Nguy\u1ec5n Th\u1ecb H\u01b0\u01a1ng, 6 \u00e8me ann\u00e9e, (huong25nt@gmail.com) (Adelman) Nguy\u1ec5n \u0110\u00ecnh Th\u01b0\u01a1ng, 1996, 5\u00e8me ann\u00e9e, (ndthuong.stu14@medvnu.edu.vn) (Adelman Madame Nguy\u1ec5n Th\u1ecb Ti\u1ec3u Ng\u1ecdc, &hellip;<\/p>","protected":false},"author":158048969,"featured_media":0,"parent":0,"menu_order":0,"comment_status":"closed","ping_status":"closed","template":"","meta":{"_crdt_document":"","advanced_seo_description":"","jetpack_seo_html_title":"","jetpack_seo_noindex":false,"footnotes":""},"class_list":["post-2627","page","type-page","status-publish","hentry"],"jetpack_likes_enabled":true,"jetpack_sharing_enabled":true,"jetpack_shortlink":"https:\/\/wp.me\/Pb0jKy-Gn","amp_enabled":true,"_links":{"self":[{"href":"https:\/\/helvietmed.org\/vi\/wp-json\/wp\/v2\/pages\/2627","targetHints":{"allow":["GET"]}}],"collection":[{"href":"https:\/\/helvietmed.org\/vi\/wp-json\/wp\/v2\/pages"}],"about":[{"href":"https:\/\/helvietmed.org\/vi\/wp-json\/wp\/v2\/types\/page"}],"author":[{"embeddable":true,"href":"https:\/\/helvietmed.org\/vi\/wp-json\/wp\/v2\/users\/158048969"}],"replies":[{"embeddable":true,"href":"https:\/\/helvietmed.org\/vi\/wp-json\/wp\/v2\/comments?post=2627"}],"version-history":[{"count":3,"href":"https:\/\/helvietmed.org\/vi\/wp-json\/wp\/v2\/pages\/2627\/revisions"}],"predecessor-version":[{"id":2630,"href":"https:\/\/helvietmed.org\/vi\/wp-json\/wp\/v2\/pages\/2627\/revisions\/2630"}],"wp:attachment":[{"href":"https:\/\/helvietmed.org\/vi\/wp-json\/wp\/v2\/media?parent=2627"}],"curies":[{"name":"wp","href":"https:\/\/api.w.org\/{rel}","templated":true}]}}