{"id":2631,"date":"2022-01-15T17:23:01","date_gmt":"2022-01-15T17:23:01","guid":{"rendered":"https:\/\/helvietmed.org\/?page_id=2631"},"modified":"2022-01-15T17:25:22","modified_gmt":"2022-01-15T17:25:22","slug":"graduated-students-total-number-2020-2","status":"publish","type":"page","link":"https:\/\/helvietmed.org\/vi\/graduated-students-total-number-2020-2\/","title":{"rendered":"Graduated students- total number 2020"},"content":{"rendered":"<h2><a name=\"_Toc71980288\"><\/a>Scholarship students who have graduated (n= 88)<\/h2>\n<p><strong><u>Graduated in 2012<\/u><\/strong><\/p>\n<ol>\n<li>Danh Ch\u01b0\u1eddng, 1987, UMP Can Tho (danhchuong12@gmail.com)<\/li>\n<\/ol>\n<p><strong><u>Graduated in 2014<\/u><\/strong><\/p>\n<ol start=\"2\">\n<li>Nguy\u1ec5n Ng\u1ecdc T\u00fa, 1990, UMP Sa\u00efgon (trumnhieukhe20@yahoo.com)<\/li>\n<li>Nguy\u1ec5n Duy H\u1ea3i, 1989, UMP Sa\u00efgon (<a href=\"mailto:nguyenduyhai_yds_301@yahoo.com\">nguyenduyhai_yds_301@yahoo.com<\/a>)<\/li>\n<li>Ho\u00e0ng V\u0103n Tri\u1ec1u, 1990, UMP Sa\u00efgon (hoangtrieu90@gmail.com)<\/li>\n<li>Madame Ph\u1ea1m Nguy\u1ec5n Hoa H\u1ea1, 1990, UMP Sa\u00efgon (<a href=\"mailto:hoaha_sm@yahoo.com\">hoaha_sm@yahoo.com<\/a>)<\/li>\n<li>Duong Vinh Phat, 1990, Universit\u00e9 de M\u00e9decine Pham Ngoc Thach, Sa\u00efgon (dr_701@yahoo.com)<\/li>\n<li>Tr\u1ecbnh Th\u00e0nh T\u00ednh, 1989, UMP Can Tho (drtinh1111@gmail.com)<\/li>\n<li>Nguy\u1ec5n Thanh B\u00ecnh, 1990, UMP Can Tho (ngthbinh4790@gmail.com)<\/li>\n<li>V\u00f5 Quang Huy, 1990, UMP Can Tho(voquanghuy04812@gmail.com)<\/li>\n<\/ol>\n<p><strong><u>\u00a0<\/u><\/strong><\/p>\n<p><strong><u>Graduated in 2015<\/u><\/strong><\/p>\n<ol start=\"10\">\n<li>Ho\u00e0ng Ph\u1ea1m Nh\u1eadt Quang, 1991, UMP Saigon (dr.nhatquang@gmail.com)<\/li>\n<li>Nguy\u1ec5n Th\u00e0nh C\u00f4ng, 1991, UMP Saigon, (Lucong1011@gmail.com)<\/li>\n<li>Do Anh Tuan, 1991, UM Pham Ngoc Thach, Saigon, (<a href=\"mailto:doanhtuan2210@gmail.com\">doanhtuan2210@gmail.com<\/a>)<\/li>\n<li>Madame Hu\u1ef3nh Th\u1ecb Th\u1ea3o Minh, 1990, UMP Can Tho (httminh14@gmail.com)<\/li>\n<li>Mme Phan Thanh H\u1ed3ng, 1991, UMP Can Tho (drhong13mail.com)<\/li>\n<li>Tran Bui Minh Thanh, 1991, UMP Cantho, (tranbuiminhthanh_tt@yahoo.com.vn)<\/li>\n<\/ol>\n<p><strong><u>Graduated in 2016<\/u><\/strong><\/p>\n<ol start=\"16\">\n<li>Madame Lai Khanh Van, 1992, (<a href=\"mailto:hamoke_252@yahoo.com\">hamoke_252@yahoo.com<\/a>)<\/li>\n<li>Nguyen Chi Hieu, 1992, (<a href=\"mailto:nguyenchihieu_102@yahoo.com\">nguyenchihieu_102@yahoo.com<\/a>)<\/li>\n<li>Danh Chung, 1989, (<a href=\"mailto:danhchung.lanhquyet@gmail.com\">danhchung.lanhquyet@gmail.com<\/a>)<\/li>\n<li>Duong Van Ninh, 1992, (duongvanninh0076@gmail.com)<\/li>\n<li>L\u00ea Tr\u1ecdng T\u1ea5n, 1992, (<a href=\"mailto:lttan3092@gmail.com\">lttan3092@gmail.com<\/a>)<\/li>\n<\/ol>\n<p>&nbsp;<\/p>\n<p><strong><u>Graduated in 2017<\/u><\/strong><\/p>\n<ol start=\"21\">\n<li>Nguyen Huu Tuong, 1993, (thiensu_tokyo_boy@yahoo.com)<\/li>\n<li>Le Van Hang, 1993, (Hanglevan267@yahoo.com)<\/li>\n<li>Madame Tran Thi My Nuong, 1993, (mynuongbb@yahoo.com.vn)<\/li>\n<li>Nguyen Huu An, 1993, (huuanqn2010@yahoo.com)<\/li>\n<li>Madame Huynh Thi Ngoc Van, (greenfield191@gmail.com)<\/li>\n<li>Madame Vo Thi Hong Tien, (hongtienyds@gmail.com)<\/li>\n<li>Madame Vo Thi Hue, 1993, (vothihue.412@gmail.com)<\/li>\n<li>Tr\u01b0\u01a1ng Quang Hi\u00eau, 1993, (QuangHieu.lk08@gmail.com)<\/li>\n<li>Nguyen Phi Tung, 1993, (tungydakhoa@gmail.com)<\/li>\n<li>Madame Nguyen Thi My Linh, (linhnguyen.kc@gmail.com)<\/li>\n<li>Le Hoa, (lehoa3103@gmail.com)<\/li>\n<li>Ho Le Ba Dat, (holebadat@gmail.com)<\/li>\n<li>Madame Ha Thi Bich Tram, (hathibichtram0911@yahoo.com.vn<\/li>\n<li>Nguyen Viet- Hoa, (nguyenviethoa67@gmail.com)<\/li>\n<li>Madame Ho Thi Hoa, 1993, (hoahothi123vn@gmail.com)<\/li>\n<li>Nguyen Minh Dung, 1993, (minhdung060993@gmail.com)<\/li>\n<li>L\u00ea Khac Tien, 1993, (bu.tsunami@gmail.com)<\/li>\n<li>Madame Nguyen Kieu Loan, (nkloan.yhdp37@student.ctump.edu.vn)<\/li>\n<li>Nguyen Thai Thong, 1993, (thongnguynthong@yahoo.com.vn)<\/li>\n<li>Madame Nguyen Thi Xuan-Quyen, 1993, (quyen.u.i@gmail.com)<\/li>\n<\/ol>\n<p><strong><u>\u00a0<\/u><\/strong><\/p>\n<p><strong><u>Graduated in 2018<\/u><\/strong><\/p>\n<ol start=\"41\">\n<li>Madame L\u00ea Th\u1ecb H\u00f2e, 1994, 6\u00e8me ann\u00e9e, (Heart_love24294@yahoo.com<\/li>\n<li>Madame Mai Th\u1ecb Hu\u1ec7, 1994, 6\u00e8me ann\u00e9e, (noxuh@yahoo.com)<\/li>\n<li>Nguyen Viet Dung, 1990, 6\u00e8me ann\u00e9e, (<a href=\"mailto:dungnv.smp@gmail.com\">dungnv.smp@gmail.com<\/a>)<\/li>\n<li>Madame Nguy\u1ec5n Huy\u1ec1n Trang, 1994, 6\u00e8me ann\u00e9e, (Huyentrang.hus174@yahoo.com.vn)<\/li>\n<li>Madame Nguy\u1ec5n Th\u1ecb Kim Dung, 1994, 6\u00e8me ann\u00e9e, (<a href=\"mailto:Girl_strawberry_love@yahoo.com.vn\">Girl_strawberry_love@yahoo.com.vn<\/a>)<\/li>\n<li>Tran Huu Chi, 6\u00e8me ann\u00e9e, (chihuutran94@gmail.com)<\/li>\n<li>D\u01b0\u01a1ng H\u1ea3i, 1994, 6\u00e8me ann\u00e9e, (duonghai.khoay2012@gmail.com) <strong>(Adelman)<\/strong><\/li>\n<li>Nguy\u1ec5n Ho\u00e0ng Th\u00f4ng, 1994, 6\u00e8me ann\u00e9e, (hoangthong2409@gmail.com) <strong>(Adelman)<\/strong><\/li>\n<li>Tr\u1ea7n Thanh Minh, 1994, 6\u00e8me ann\u00e9e, (tranthanhminhpio@gmail.com) <strong>(Adelman)<\/strong><\/li>\n<li>Vo Minh Loc, 1994, 6\u00e8me ann\u00e9e, (Bsvominhloc@gmail.com) <strong>(Beaulieu)<\/strong><\/li>\n<\/ol>\n<p>&nbsp;<\/p>\n<p><strong><u>Graduated in 2019<\/u><\/strong><\/p>\n<ol start=\"51\">\n<li>Dam Van Quy, 1994, 6\u00e8me ann\u00e9e, (<a href=\"mailto:damvanquy1412@gmail.com\">damvanquy1412@gmail.com<\/a>)<\/li>\n<li>Nguyen Phuc-Son, 1995, 6\u00e8me ann\u00e9e, (<a href=\"mailto:aoma1618@gmail.com\">aoma1618@gmail.com<\/a>)<\/li>\n<li>Madame Nguyen Thi Men, 1995, 6\u00e8me ann\u00e9e, (<a href=\"mailto:thumen43@gmail.com\">thumen43@gmail.com<\/a>)<\/li>\n<li>Madame Pham Thi Oanh, 1995, 6\u00e8me ann\u00e9e, (<a href=\"mailto:violetqueen1810@gmail.com\">violetqueen1810@gmail.com<\/a>)<\/li>\n<li>Madame Tran Thi Thanh, 1995, 6\u00e8me ann\u00e9e, (<a href=\"mailto:Tranthanh301095@gmail.com\">Tranthanh301095@gmail.com<\/a>)<\/li>\n<li>Tran Gia Bao, 6\u00e8me ann\u00e9e, (giabaoyc@gmail.com) (<strong>Beaulieu<\/strong>)<\/li>\n<li>Phan Minh Vuong, 6\u00e8me ann\u00e9e, (<a href=\"mailto:phanminhvuong.27@gmail.com\">phanminhvuong.27@gmail.com<\/a>)<\/li>\n<li>Th\u00e1i Minh \u0110\u01b0\u1eddng, 1995, 6\u00e8me ann\u00e9e, (thaiminhduongg@gmail.com) (<strong>Beaulieu<\/strong>)<\/li>\n<li>Bui Tuan An, 6\u00e8me ann\u00e9e, (<a href=\"mailto:buituanankhoay2013@gmail.com\">buituanankhoay2013@gmail.com<\/a>)<\/li>\n<li>Madame Tran thuy Huong Quynh, 6\u00e8me ann\u00e9e, (<a href=\"mailto:tranquynh.8u@gmail.com\">8u@gmail.com<\/a>)<\/li>\n<li>Ph\u1ea1m V\u0129nh Ph\u00fa, 1995, 6\u00e8me ann\u00e9e, ( phamvinhphu1995@gmail.com), (<strong>Adelman<\/strong>)<\/li>\n<li>Ph\u1ea1m V\u0103n \u0110i\u1ec7p, 1995, 6\u00e8me ann\u00e9e, (phamdiepydk@gmail.com( (<strong>Adelman<\/strong>)<\/li>\n<li>L\u01b0u Quang Qu\u00e2n, 6\u00e8me ann\u00e9e,(<a href=\"mailto:luuquangquan@gmail.com\">luuquangquan@gmail.com<\/a>)<\/li>\n<li>Madame Tr\u1ea7n Th\u1ecb Nhi, 6\u00e8me ann\u00e9e, (<a href=\"mailto:angelboys.1994@gmail.com\">1994@gmail.com<\/a><\/li>\n<li>Nguyen Tran Thanh Phuong, 6\u00e8me ann\u00e9e, (<a href=\"mailto:nguyenphuong29060601@gmail.com\">nguyenphuong29060601@gmail.com<\/a>)<\/li>\n<li>Dang Cong Duy, 6\u00e8me ann\u00e9e, (duy.dangcong95@gmail.com) (<strong>Adelman<\/strong>)<\/li>\n<li>Nguy\u1ec5n L\u00ea Ch\u00ed Nh\u00e2n, 1995, 6\u00e8me ann\u00e9e, (<a href=\"mailto:nhannguyen1102@gmail.com\">nhannguyen1102@gmail.com<\/a>)<\/li>\n<li>Madame Nguy\u1ec5n Th\u1ecb Huy\u1ec1n Tr\u00e2n, 1995, 6\u00e8me ann\u00e9e , (<a href=\"mailto:huyentran090995@gmail.com\">huyentran090995@gmail.com<\/a>) (<strong>Adelman<\/strong>)<\/li>\n<li>Madame Nguyen Pham Bao Ngoc, 1994, 6\u00e8me ann\u00e9e, (<a href=\"mailto:baongoc194ever@gmail.com\">baongoc194ever@gmail.com<\/a>)<\/li>\n<li>Madame Huynh Thi Trang, 6\u00e8me ann\u00e9e, (<a href=\"mailto:trang.lk10@gmail.com\">lk10@gmail.com\u00a0<\/a>)<\/li>\n<li>H\u1ed3 L\u00ea Minh Ch\u00e2u, 1995, 6\u00e8me ann\u00e9e, (holeminhchau@gmail.com) (<strong>Adelman<\/strong>)<\/li>\n<\/ol>\n<p>&nbsp;<\/p>\n<p><strong><u>Graduated in 2020<\/u><\/strong><\/p>\n<ol start=\"72\">\n<li>Madame Nguy\u1ec5n Tr\u1ea7n Qu\u1ef3nh Th\u01b0, 1996, (quynhthunguyen1608@gmail.com) (Adelman)<\/li>\n<li>\u0110\u1ed7 Thu An, (<a href=\"mailto:dothuan111996@gmail.com\">dothuan111996@gmail.com<\/a>)<\/li>\n<li>Madame Nguy\u1ec5n Th\u1ecb Ng\u00e2n H\u00e0, (nganhanguyen95@gmail.com)<\/li>\n<li>Madame Ph\u1ea1m Anh \u0110\u00e0o, (phamanhdaoyds14@gmail.com)<\/li>\n<li>V\u01b0\u01a1ng Gia B\u1ea3o, 1996, (giabaovuong10@gmail.com) (Adelman)<\/li>\n<li>Ph\u1ea1m V\u0169 Vi\u1ec7t Anh, 1996, (vietanhhiphop1996@gmail.com) (Adelman)<\/li>\n<li>Nguy\u1ec5n H\u1eefu Th\u00e0nh, 1996, (thanhisrua@gmail.com), (Adelman)<\/li>\n<li>\u0110o\u00e0n Thanh Huy, (<a href=\"mailto:thanhhuyph96@gmail.com\">thanhhuyph96@gmail.com<\/a>)<\/li>\n<li>Madame B\u00f9i Th\u1ecb Ki\u1ec1u Ti\u00ean, 1996, (buithikieutien060796@gmail.com) (Beaulieu)<\/li>\n<li>V\u00f5 Ph\u01b0\u1edbc To\u00e0n, (<a href=\"mailto:phuoctoan365@gmail.com\">phuoctoan365@gmail.com<\/a>) (Beaulieu)<\/li>\n<li>Madame L\u00ea Th\u1ecb Tuy\u1ebft Ng\u00e2n, (<a href=\"mailto:lttnganctump@gmail.com\">lttnganctump@gmail.com<\/a>) (Beaulieu)<\/li>\n<li>Madame Ph\u1ea1m Th\u1ecb Kim Ng\u00e2n, 1996, (ptkimngan96@gmail.com) (Beaulieu)<\/li>\n<li>Madame Hoang Thi Linh, 1996, (H.Linh126@gmail.com)<\/li>\n<li>Madame Hoang Thi Nhu Trang, 1996, (nhutrang7896@gmail.com)<\/li>\n<li>Madame Pham Thi Hien, 1996, (hienhom09@gmail.com)<\/li>\n<li>Nguyen Hong Vuong, 1995,(malatuso@gmail.com)<\/li>\n<li>Madame Nguyen Thi Huong, 1995.<\/li>\n<\/ol>","protected":false},"excerpt":{"rendered":"<p>Scholarship students who have graduated (n= 88) Graduated in 2012 Danh Ch\u01b0\u1eddng, 1987, UMP Can Tho (danhchuong12@gmail.com) Graduated in 2014 Nguy\u1ec5n Ng\u1ecdc T\u00fa, 1990, UMP Sa\u00efgon (trumnhieukhe20@yahoo.com) Nguy\u1ec5n Duy H\u1ea3i, 1989, UMP Sa\u00efgon (nguyenduyhai_yds_301@yahoo.com) Ho\u00e0ng V\u0103n Tri\u1ec1u, 1990, UMP Sa\u00efgon (hoangtrieu90@gmail.com) Madame Ph\u1ea1m Nguy\u1ec5n Hoa H\u1ea1, 1990, UMP Sa\u00efgon (hoaha_sm@yahoo.com) Duong Vinh Phat, 1990, Universit\u00e9 de M\u00e9decine Pham Ngoc Thach, Sa\u00efgon (dr_701@yahoo.com) Tr\u1ecbnh Th\u00e0nh T\u00ednh, 1989, UMP Can Tho (drtinh1111@gmail.com) Nguy\u1ec5n Thanh B\u00ecnh, 1990, UMP Can Tho (ngthbinh4790@gmail.com) V\u00f5 Quang Huy, 1990, UMP Can Tho(voquanghuy04812@gmail.com) \u00a0 Graduated in 2015 Ho\u00e0ng Ph\u1ea1m Nh\u1eadt Quang, 1991, UMP Saigon (dr.nhatquang@gmail.com) Nguy\u1ec5n Th\u00e0nh C\u00f4ng, 1991, UMP Saigon, (Lucong1011@gmail.com) Do Anh Tuan, 1991, UM Pham Ngoc Thach, Saigon, (doanhtuan2210@gmail.com) Madame Hu\u1ef3nh Th\u1ecb Th\u1ea3o Minh, 1990, UMP Can Tho (httminh14@gmail.com) Mme Phan Thanh H\u1ed3ng, 1991, UMP Can Tho (drhong13mail.com) Tran Bui Minh Thanh, 1991, UMP Cantho, (tranbuiminhthanh_tt@yahoo.com.vn) Graduated in 2016 Madame Lai Khanh Van, 1992, (hamoke_252@yahoo.com) Nguyen Chi Hieu, 1992, (nguyenchihieu_102@yahoo.com) Danh Chung, 1989, (danhchung.lanhquyet@gmail.com) Duong Van Ninh, 1992, (duongvanninh0076@gmail.com) L\u00ea Tr\u1ecdng T\u1ea5n, 1992, (lttan3092@gmail.com) &nbsp; Graduated in 2017 Nguyen Huu &hellip;<\/p>","protected":false},"author":158048969,"featured_media":0,"parent":0,"menu_order":0,"comment_status":"closed","ping_status":"closed","template":"","meta":{"_crdt_document":"","advanced_seo_description":"","jetpack_seo_html_title":"","jetpack_seo_noindex":false,"footnotes":""},"class_list":["post-2631","page","type-page","status-publish","hentry"],"jetpack_likes_enabled":true,"jetpack_sharing_enabled":true,"jetpack_shortlink":"https:\/\/wp.me\/Pb0jKy-Gr","amp_enabled":true,"_links":{"self":[{"href":"https:\/\/helvietmed.org\/vi\/wp-json\/wp\/v2\/pages\/2631","targetHints":{"allow":["GET"]}}],"collection":[{"href":"https:\/\/helvietmed.org\/vi\/wp-json\/wp\/v2\/pages"}],"about":[{"href":"https:\/\/helvietmed.org\/vi\/wp-json\/wp\/v2\/types\/page"}],"author":[{"embeddable":true,"href":"https:\/\/helvietmed.org\/vi\/wp-json\/wp\/v2\/users\/158048969"}],"replies":[{"embeddable":true,"href":"https:\/\/helvietmed.org\/vi\/wp-json\/wp\/v2\/comments?post=2631"}],"version-history":[{"count":3,"href":"https:\/\/helvietmed.org\/vi\/wp-json\/wp\/v2\/pages\/2631\/revisions"}],"predecessor-version":[{"id":2634,"href":"https:\/\/helvietmed.org\/vi\/wp-json\/wp\/v2\/pages\/2631\/revisions\/2634"}],"wp:attachment":[{"href":"https:\/\/helvietmed.org\/vi\/wp-json\/wp\/v2\/media?parent=2631"}],"curies":[{"name":"wp","href":"https:\/\/api.w.org\/{rel}","templated":true}]}}