{"id":3021,"date":"2022-10-20T19:19:39","date_gmt":"2022-10-20T19:19:39","guid":{"rendered":"https:\/\/helvietmed.org\/?page_id=3021"},"modified":"2022-10-20T19:19:39","modified_gmt":"2022-10-20T19:19:39","slug":"graduated-students-number-2021","status":"publish","type":"page","link":"https:\/\/helvietmed.org\/vi\/graduated-students-number-2021\/","title":{"rendered":"Graduated students- number 2021"},"content":{"rendered":"<h2><a name=\"_Toc114513587\"><\/a>\u00c9tudiants boursiers qui ont termin\u00e9 leurs \u00e9tudes fin 2021 (n=105)<\/h2>\n<p>&nbsp;<\/p>\n<p><strong><u>Dipl\u00f4mes 2012<\/u><\/strong><\/p>\n<ol>\n<li>Danh Ch\u01b0\u1eddng, 1987, UMP Can Tho (danhchuong12@gmail.com)<\/li>\n<\/ol>\n<p><strong><u>\u00a0<\/u><\/strong><\/p>\n<p><strong><u>Dipl\u00f4mes 2014<\/u><\/strong><\/p>\n<ol start=\"2\">\n<li>Nguy\u1ec5n Ng\u1ecdc T\u00fa, 1990, UMP Saigon (trumnhieukhe20@yahoo.com)<\/li>\n<li>Nguy\u1ec5n Duy H\u1ea3i, 1989, UMP Saigon (<a href=\"mailto:nguyenduyhai_yds_301@yahoo.com\">nguyenduyhai_yds_301@yahoo.com<\/a>)<\/li>\n<li>Ho\u00e0ng V\u0103n Tri\u1ec1u, 1990, UMP Saigon (hoangtrieu90@gmail.com)<\/li>\n<li>Madame Ph\u1ea1m Nguy\u1ec5n Hoa H\u1ea1, 1990, UMP Saigon (<a href=\"mailto:hoaha_sm@yahoo.com\">hoaha_sm@yahoo.com<\/a>)<\/li>\n<li>Duong Vinh Phat, 1990, Universit\u00e9 de M\u00e9decine Pham Ngoc Thach, Saigon (dr_701@yahoo.com)<\/li>\n<li>Tr\u1ecbnh Th\u00e0nh T\u00ednh, 1989, UMP Can Tho (drtinh1111@gmail.com)<\/li>\n<li>Nguy\u1ec5n Thanh B\u00ecnh, 1990, UMP Can Tho (ngthbinh4790@gmail.com)<\/li>\n<li>V\u00f5 Quang Huy, 1990, UMP Can Tho(voquanghuy04812@gmail.com)<\/li>\n<\/ol>\n<p><strong><u>\u00a0<\/u><\/strong><\/p>\n<p><strong><u>Dipl\u00f4mes 2015<\/u><\/strong><\/p>\n<ol start=\"10\">\n<li>Ho\u00e0ng Ph\u1ea1m Nh\u1eadt Quang, 1991, UMP Saigon (dr.nhatquang@gmail.com)<\/li>\n<li>Nguy\u1ec5n Th\u00e0nh C\u00f4ng, 1991, UMP Saigon, (Lucong1011@gmail.com)<\/li>\n<li>Do Anh Tuan, 1991, UM Pham Ngoc Thach, Saigon, (<a href=\"mailto:doanhtuan2210@gmail.com\">doanhtuan2210@gmail.com<\/a>)<\/li>\n<li>Madame Hu\u1ef3nh Th\u1ecb Th\u1ea3o Minh, 1990, UMP Can Tho (httminh14@gmail.com)<\/li>\n<li>Mme Phan Thanh H\u1ed3ng, 1991, UMP Can Tho (drhong13mail.com)<\/li>\n<li>Tran Bui Minh Thanh, 1991, UMP Cantho, (tranbuiminhthanh_tt@yahoo.com.vn)<\/li>\n<\/ol>\n<p><strong><u>\u00a0<\/u><\/strong><\/p>\n<p><strong><u>Dipl\u00f4mes 2016<\/u><\/strong><\/p>\n<ol start=\"16\">\n<li>Madame Lai Khanh Van, 1992, (<a href=\"mailto:hamoke_252@yahoo.com\">hamoke_252@yahoo.com<\/a>)<\/li>\n<li>Nguyen Chi Hieu, 1992, (<a href=\"mailto:nguyenchihieu_102@yahoo.com\">nguyenchihieu_102@yahoo.com<\/a>)<\/li>\n<li>Danh Chung, 1989, (<a href=\"mailto:danhchung.lanhquyet@gmail.com\">danhchung.lanhquyet@gmail.com<\/a>)<\/li>\n<li>Duong Van Ninh, 1992, (duongvanninh0076@gmail.com)<\/li>\n<li>L\u00ea Tr\u1ecdng T\u1ea5n, 1992, (<a href=\"mailto:lttan3092@gmail.com\">lttan3092@gmail.com<\/a>)<\/li>\n<\/ol>\n<p>&nbsp;<\/p>\n<p><strong><u>Dipl\u00f4mes 2017<\/u><\/strong><\/p>\n<ol start=\"21\">\n<li>Nguyen Huu Tuong, 1993, (thiensu_tokyo_boy@yahoo.com)<\/li>\n<li>Le Van Hang, 1993, (Hanglevan267@yahoo.com)<\/li>\n<li>Madame Tran Thi My Nuong, 1993, (<a href=\"mailto:mynuongbb@yahoo.com.vn\">mynuongbb@yahoo.com.vn<\/a>)<\/li>\n<li>Nguyen Huu An, 1993, (<a href=\"mailto:huuanqn2010@yahoo.com\">huuanqn2010@yahoo.com<\/a>)<\/li>\n<li>Madame Huynh Thi Ngoc Van, (greenfield191@gmail.com)<\/li>\n<li>Madame Vo Thi Hong Tien, (<a href=\"mailto:hongtienyds@gmail.com\">hongtienyds@gmail.com<\/a>)<\/li>\n<li>Madame Vo Thi Hue, 1993, (vothihue.412@gmail.com)<\/li>\n<li>Tr\u01b0\u01a1ng Quang Hi\u00eau, 1993,(QuangHieu.lk08@gmail.com)<\/li>\n<li>Nguyen Phi Tung, 1993, (tungydakhoa@gmail.com)<\/li>\n<li>Madame Nguyen Thi My Linh, (<a href=\"mailto:linhnguyen.kc@gmail.com\">kc@gmail.com<\/a>)<\/li>\n<li>Le Hoa, (lehoa3103@gmail.com)<\/li>\n<li>Ho Le Ba Dat, (holebadat@gmail.com)<\/li>\n<li>Madame Ha Thi Bich Tram, (hathibichtram0911@yahoo.com.vn<\/li>\n<li>Nguyen Viet- Hoa, (nguyenviethoa67@gmail.com)<\/li>\n<li>Madame Ho Thi Hoa, 1993, (<a href=\"mailto:trminhthanhbuu04@gmail.com\">hoahothi123vn@gmail.com<\/a>)<\/li>\n<li>Nguyen Minh Dung, 1993, (<a href=\"mailto:minhdung060993@gmail.com\">minhdung060993@gmail.com<\/a>)<\/li>\n<li>L\u00ea Khac Tien, 1993, (<a href=\"mailto:bu.tsunami@gmail.com\">bu.tsunami@gmail.com<\/a>)<\/li>\n<li>Madame Nguyen Kieu Loan, (<a href=\"mailto:nkloan.yhdp37@student.ctump.edu.vn\">yhdp37@student.ctump.edu.vn<\/a>)<\/li>\n<li>Nguyen Thai Thong, 1993, (thongnguynthong@yahoo.com.vn)<\/li>\n<li>Madame Nguyen Thi Xuan-Quyen, 1993, (<a href=\"mailto:quyen.u.i@gmail.com\">u.i@gmail.com<\/a>)<\/li>\n<\/ol>\n<p><strong><u>\u00a0<\/u><\/strong><\/p>\n<p><strong><u>Dipl\u00f4mes 2018<\/u><\/strong><\/p>\n<ol start=\"41\">\n<li>Madame L\u00ea Th\u1ecb H\u00f2e, 1994, (Heart_love24294@yahoo.com<\/li>\n<li>Madame Mai Th\u1ecb Hu\u1ec7, 1994, (noxuh@yahoo.com)<\/li>\n<li>Nguyen Viet Dung, 1990,(<a href=\"mailto:dungnv.smp@gmail.com\">dungnv.smp@gmail.com<\/a>)<\/li>\n<li>Madame Nguy\u1ec5n Huy\u1ec1n Trang, 1994, (Huyentrang.hus174@yahoo.com.vn)<\/li>\n<li>Madame Nguy\u1ec5n Th\u1ecb Kim Dung, 1994, (<a href=\"mailto:Girl_strawberry_love@yahoo.com.vn\">Girl_strawberry_love@yahoo.com.vn<\/a>)<\/li>\n<li>Tran Huu Chi, (chihuutran94@gmail.com)<\/li>\n<li>D\u01b0\u01a1ng H\u1ea3i, 1994, (duonghai.khoay2012@gmail.com) <strong>(Adelman)<\/strong><\/li>\n<li>Nguy\u1ec5n Ho\u00e0ng Th\u00f4ng, 1994, (hoangthong2409@gmail.com) <strong>(Adelman)<\/strong><\/li>\n<li>Tr\u1ea7n Thanh Minh, 1994, (tranthanhminhpio@gmail.com) <strong>(Adelman)<\/strong><\/li>\n<li>Vo Minh Loc, 1994, (Bsvominhloc@gmail.com) <strong>(Beaulieu)<\/strong><\/li>\n<\/ol>\n<p>&nbsp;<\/p>\n<p><strong><u>Dipl\u00f4mes 2019<\/u><\/strong><\/p>\n<ol start=\"51\">\n<li>Dam Van Quy, 1994, (<a href=\"mailto:damvanquy1412@gmail.com\">damvanquy1412@gmail.com<\/a>)<\/li>\n<li>Nguyen Phuc-Son, 1995, (<a href=\"mailto:aoma1618@gmail.com\">aoma1618@gmail.com<\/a>)<\/li>\n<li>Madame Nguyen Thi Men, 1995, (<a href=\"mailto:thumen43@gmail.com\">thumen43@gmail.com<\/a>)<\/li>\n<li>Madame Pham Thi Oanh, 1995, (<a href=\"mailto:violetqueen1810@gmail.com\">violetqueen1810@gmail.com<\/a>)<\/li>\n<li>Madame Tran Thi Thanh, 1995, (<a href=\"mailto:Tranthanh301095@gmail.com\">Tranthanh301095@gmail.com<\/a>)<\/li>\n<li>Tran Gia Bao, (giabaoyc@gmail.com) (Beaulieu)<\/li>\n<li>Phan Minh Vuong, (<a href=\"mailto:phanminhvuong.27@gmail.com\">phanminhvuong.27@gmail.com<\/a>)<\/li>\n<li>Th\u00e1i Minh \u0110\u01b0\u1eddng, 1995, (thaiminhduongg@gmail.com) <strong>(Beaulieu)<\/strong><\/li>\n<li>Bui Tuan An, (<a href=\"mailto:buituanankhoay2013@gmail.com\">buituanankhoay2013@gmail.com<\/a>)<\/li>\n<li>Madame Tran thuy Huong Quynh, (<a href=\"mailto:tranquynh.8u@gmail.com\">8u@gmail.com<\/a>)<\/li>\n<li>Ph\u1ea1m V\u0129nh Ph\u00fa, 1995, ( phamvinhphu1995@gmail.com), <strong>(Adelman)<\/strong><\/li>\n<li>Ph\u1ea1m V\u0103n \u0110i\u1ec7p, 1995, (phamdiepydk@gmail.com( <strong>(Adelman)<\/strong><\/li>\n<li>L\u01b0u Quang Qu\u00e2n, (<a href=\"mailto:luuquangquan@gmail.com\">luuquangquan@gmail.com<\/a>)<\/li>\n<li>Madame Tr\u1ea7n Th\u1ecb Nhi, (<a href=\"mailto:angelboys.1994@gmail.com\">1994@gmail.com<\/a><\/li>\n<li>Nguyen Tran Thanh Phuong, (<a href=\"mailto:nguyenphuong29060601@gmail.com\">nguyenphuong29060601@gmail.com<\/a>)<\/li>\n<li>Dang Cong Duy, (duy.dangcong95@gmail.com) <strong>(Adelman)<\/strong><\/li>\n<li>Nguy\u1ec5n L\u00ea Ch\u00ed Nh\u00e2n, 1995, (<a href=\"mailto:nhannguyen1102@gmail.com\">nhannguyen1102@gmail.com<\/a>)<\/li>\n<li>Madame Nguy\u1ec5n Th\u1ecb Huy\u1ec1n Tr\u00e2n, 1995, (<a href=\"mailto:huyentran090995@gmail.com\">huyentran090995@gmail.com<\/a>) <strong>(Adelman)<\/strong><\/li>\n<li>Madame Nguyen Pham Bao Ngoc, 1994, (<a href=\"mailto:baongoc194ever@gmail.com\">baongoc194ever@gmail.com<\/a>)<\/li>\n<li>Madame Huynh Thi Trang, (<a href=\"mailto:trang.lk10@gmail.com\">lk10@gmail.com\u00a0<\/a>)<\/li>\n<li>H\u1ed3 L\u00ea Minh Ch\u00e2u, 1995, (holeminhchau@gmail.com) <strong>(Adelman)<\/strong><\/li>\n<\/ol>\n<p><strong>\u00a0<\/strong><\/p>\n<p><strong><u>Dipl\u00f4mes 2020<\/u><\/strong><\/p>\n<ol start=\"72\">\n<li>Madame Nguy\u1ec5n Tr\u1ea7n Qu\u1ef3nh Th\u01b0, 1996, (quynhthunguyen1608@gmail.com) <strong>(Adelman)<\/strong><\/li>\n<li>\u0110\u1ed7 Thu An, (<a href=\"mailto:dothuan111996@gmail.com\">dothuan111996@gmail.com<\/a>)<\/li>\n<li>Madame Nguy\u1ec5n Th\u1ecb Ng\u00e2n H\u00e0, (nganhanguyen95@gmail.com)<\/li>\n<li>Madame Ph\u1ea1m Anh \u0110\u00e0o, (phamanhdaoyds14@gmail.com)<\/li>\n<li>V\u01b0\u01a1ng Gia B\u1ea3o, 1996, (giabaovuong10@gmail.com) <strong>(Adelman)<\/strong><\/li>\n<li>Ph\u1ea1m V\u0169 Vi\u1ec7t Anh, 1996, (vietanhhiphop1996@gmail.com) <strong>(Adelman)<\/strong><\/li>\n<li>Nguy\u1ec5n H\u1eefu Th\u00e0nh, 1996, (thanhisrua@gmail.com), <strong>(Adelman)<\/strong><\/li>\n<li>\u0110o\u00e0n Thanh Huy, (<a href=\"mailto:thanhhuyph96@gmail.com\">thanhhuyph96@gmail.com<\/a>)<\/li>\n<li>Madame B\u00f9i Th\u1ecb Ki\u1ec1u Ti\u00ean, 1996, (buithikieutien060796@gmail.com) <strong>(Beaulieu)<\/strong><\/li>\n<li>V\u00f5 Ph\u01b0\u1edbc To\u00e0n, (<a href=\"mailto:phuoctoan365@gmail.com\">phuoctoan365@gmail.com<\/a>) <strong>(Beaulieu)<\/strong><\/li>\n<li>Madame L\u00ea Th\u1ecb Tuy\u1ebft Ng\u00e2n, (<a href=\"mailto:lttnganctump@gmail.com\">lttnganctump@gmail.com<\/a>) <strong>(Beaulieu)<\/strong><\/li>\n<li>Madame Ph\u1ea1m Th\u1ecb Kim Ng\u00e2n, 1996, (ptkimngan96@gmail.com) <strong>(Beaulieu)<\/strong><\/li>\n<li>Madame Hoang Thi Linh, 1996, (H.Linh126@gmail.com)<\/li>\n<li>Madame Hoang Thi Nhu Trang, 1996, (nhutrang7896@gmail.com)<\/li>\n<li>Madame Pham Thi Hien, 1996, (hienhom09@gmail.com)<\/li>\n<li>Nguyen Hong Vuong, 1995,(malatuso@gmail.com)<\/li>\n<li>Madame Nguyen Thi Huong, 1995.<\/li>\n<\/ol>\n<p>&nbsp;<\/p>\n<p><strong><u>Dipl\u00f4mes 2021<\/u><\/strong><\/p>\n<ol start=\"89\">\n<li>L\u00ea Thanh Truyen, 1997, (truyen202@gmail.com) <strong>(Adelman)<\/strong><\/li>\n<li>Ho\u00e0ng Xu\u00e2n Song, 1997, (hxsong.stu15@medvnu.edu.vn) <strong>(Adelman)<\/strong><\/li>\n<li>Madame \u0110\u1ed7 Th\u00e1i Ho\u00e0ng V\u00e2n, 1997, (vanthaihoangpy@gmail.com) <strong>(Adelman)<\/strong><\/li>\n<li>Nguy\u1ec5n Ho\u00e0ng Lan, (nghoanglan96@gmail.com) <strong>(Adelman)<\/strong><\/li>\n<li>L\u00e2m Ho\u00e0i Thanh, (<a href=\"mailto:lamhoaithanh12a1@gmail.com\">lamhoaithanh12a1@gmail.com<\/a>) <strong>(Adelman)<\/strong><\/li>\n<li>Ph\u1ea1m H\u1eefu Nghi\u00eam, (<a href=\"mailto:nghiem0602pq@gmail.com\">nghiem0602pq@gmail.com<\/a>) <strong>(Adelman)<\/strong><\/li>\n<li>B\u00f9i Qu\u1ed1c C\u01b0\u1eddng, (<a href=\"mailto:bqcuong.stu15@medvnu.edu.vn\">bqcuong.stu15@medvnu.edu.vn<\/a>) <strong>(Adelman)<\/strong><\/li>\n<li>Mai Tr\u1ecdng Ti\u1ebfn, (<a href=\"mailto:mttien.stu15@medvnu.edu.vn\">mttien.stu15@medvnu.edu.vn<\/a>) <strong>(Adelman)<\/strong><\/li>\n<li>Tr\u1ea7n C\u01b0\u01a1ng, (<a href=\"mailto:tcuong.stu15@medvnu.edu.vn\">tcuong.stu15@medvnu.edu.vn<\/a>) <strong>(Adelman)<\/strong><\/li>\n<li>Madame Nguy\u1ec5n Kim H\u1eb1ng, (<a href=\"mailto:Kimhang27397@gmail.com\">Kimhang27397@gmail.com<\/a>) <strong>(Adelman)<\/strong><\/li>\n<li>Madame Nguy\u1ec5n Th\u1ecb H\u01b0\u01a1ng, (<a href=\"mailto:huong25nt@gmail.com\">huong25nt@gmail.com<\/a>) <strong>(Adelman)<\/strong><\/li>\n<li>Mai Qu\u1ed1c Long, (<a href=\"mailto:maiquoclong991997@gmail.com\">maiquoclong991997@gmail.com<\/a>)<\/li>\n<li>Nguy\u1ec5n \u00dat Em, 1995, (<a href=\"mailto:utemng@gmail.com\">utemng@gmail.com<\/a><\/li>\n<li>Madame Ho\u00e0ng Thu Huy\u1ec1n, 1997,(<a href=\"mailto:hhuyen.hd@gmail.com\">hd@gmail.com<\/a>)<\/li>\n<li>Madame Nguy\u1ec5n Minh Nguy\u1ec7t, 1997, (<a href=\"mailto:minhnguyetqtqptb@gmail.com\">minhnguyetqtqptb@gmail.com<\/a>)<\/li>\n<li>Madame V\u0169 Th\u1ecb \u00c1nh, 1997, (<a href=\"mailto:anhvukhoayduoc@gmail.com\">anhvukhoayduoc@gmail.com<\/a>)<\/li>\n<li><strong>Madame Le thi Anh Kim, (<\/strong><a href=\"mailto:phuong.ydakhoa@gmail.com\"><strong>Kimlethianh@gmail.com<\/strong><\/a><\/li>\n<\/ol>","protected":false},"excerpt":{"rendered":"<p>\u00c9tudiants boursiers qui ont termin\u00e9 leurs \u00e9tudes fin 2021 (n=105) &nbsp; Dipl\u00f4mes 2012 Danh Ch\u01b0\u1eddng, 1987, UMP Can Tho (danhchuong12@gmail.com) \u00a0 Dipl\u00f4mes 2014 Nguy\u1ec5n Ng\u1ecdc T\u00fa, 1990, UMP Saigon (trumnhieukhe20@yahoo.com) Nguy\u1ec5n Duy H\u1ea3i, 1989, UMP Saigon (nguyenduyhai_yds_301@yahoo.com) Ho\u00e0ng V\u0103n Tri\u1ec1u, 1990, UMP Saigon (hoangtrieu90@gmail.com) Madame Ph\u1ea1m Nguy\u1ec5n Hoa H\u1ea1, 1990, UMP Saigon (hoaha_sm@yahoo.com) Duong Vinh Phat, 1990, Universit\u00e9 de M\u00e9decine Pham Ngoc Thach, Saigon (dr_701@yahoo.com) Tr\u1ecbnh Th\u00e0nh T\u00ednh, 1989, UMP Can Tho (drtinh1111@gmail.com) Nguy\u1ec5n Thanh B\u00ecnh, 1990, UMP Can Tho (ngthbinh4790@gmail.com) V\u00f5 Quang Huy, 1990, UMP Can Tho(voquanghuy04812@gmail.com) \u00a0 Dipl\u00f4mes 2015 Ho\u00e0ng Ph\u1ea1m Nh\u1eadt Quang, 1991, UMP Saigon (dr.nhatquang@gmail.com) Nguy\u1ec5n Th\u00e0nh C\u00f4ng, 1991, UMP Saigon, (Lucong1011@gmail.com) Do Anh Tuan, 1991, UM Pham Ngoc Thach, Saigon, (doanhtuan2210@gmail.com) Madame Hu\u1ef3nh Th\u1ecb Th\u1ea3o Minh, 1990, UMP Can Tho (httminh14@gmail.com) Mme Phan Thanh H\u1ed3ng, 1991, UMP Can Tho (drhong13mail.com) Tran Bui Minh Thanh, 1991, UMP Cantho, (tranbuiminhthanh_tt@yahoo.com.vn) \u00a0 Dipl\u00f4mes 2016 Madame Lai Khanh Van, 1992, (hamoke_252@yahoo.com) Nguyen Chi Hieu, 1992, (nguyenchihieu_102@yahoo.com) Danh Chung, 1989, (danhchung.lanhquyet@gmail.com) Duong Van Ninh, 1992, (duongvanninh0076@gmail.com) L\u00ea Tr\u1ecdng T\u1ea5n, 1992, (lttan3092@gmail.com) &nbsp; Dipl\u00f4mes 2017 Nguyen &hellip;<\/p>","protected":false},"author":158048969,"featured_media":0,"parent":0,"menu_order":0,"comment_status":"closed","ping_status":"closed","template":"","meta":{"_crdt_document":"","advanced_seo_description":"","jetpack_seo_html_title":"","jetpack_seo_noindex":false,"footnotes":""},"class_list":["post-3021","page","type-page","status-publish","hentry"],"jetpack_likes_enabled":true,"jetpack_sharing_enabled":true,"jetpack_shortlink":"https:\/\/wp.me\/Pb0jKy-MJ","amp_enabled":true,"_links":{"self":[{"href":"https:\/\/helvietmed.org\/vi\/wp-json\/wp\/v2\/pages\/3021","targetHints":{"allow":["GET"]}}],"collection":[{"href":"https:\/\/helvietmed.org\/vi\/wp-json\/wp\/v2\/pages"}],"about":[{"href":"https:\/\/helvietmed.org\/vi\/wp-json\/wp\/v2\/types\/page"}],"author":[{"embeddable":true,"href":"https:\/\/helvietmed.org\/vi\/wp-json\/wp\/v2\/users\/158048969"}],"replies":[{"embeddable":true,"href":"https:\/\/helvietmed.org\/vi\/wp-json\/wp\/v2\/comments?post=3021"}],"version-history":[{"count":2,"href":"https:\/\/helvietmed.org\/vi\/wp-json\/wp\/v2\/pages\/3021\/revisions"}],"predecessor-version":[{"id":3023,"href":"https:\/\/helvietmed.org\/vi\/wp-json\/wp\/v2\/pages\/3021\/revisions\/3023"}],"wp:attachment":[{"href":"https:\/\/helvietmed.org\/vi\/wp-json\/wp\/v2\/media?parent=3021"}],"curies":[{"name":"wp","href":"https:\/\/api.w.org\/{rel}","templated":true}]}}