{"id":3034,"date":"2022-10-20T19:57:19","date_gmt":"2022-10-20T19:57:19","guid":{"rendered":"https:\/\/helvietmed.org\/?page_id=3034"},"modified":"2022-10-20T20:00:10","modified_gmt":"2022-10-20T20:00:10","slug":"helvietmed-members-2022","status":"publish","type":"page","link":"https:\/\/helvietmed.org\/vi\/helvietmed-members-2022\/","title":{"rendered":"Helvietmed members 2022"},"content":{"rendered":"<p style=\"text-align: center;\"><u>Helvietmed members 2022<\/u><\/p>\n<ol>\n<li>Dang C\u00e9cile, FMH Psychiatrie (Gen\u00e8ve)<\/li>\n<li>phil. Fellay Beno\u00eet, Fribourg, FAMH, Chef-adjoint, H\u00f4pital Cantonal (Fribourg)<\/li>\n<li>Dr. med. Dr. phil. Giacobini Ezio, Psycho-pharmacologie (Gen\u00e8ve)<\/li>\n<li>Gonzalez Nguyen-Tang Elsa Diana, FMH P\u00e9diatrie et N\u00e9phrologie p\u00e9diatrique (Gen\u00e8ve)<\/li>\n<li>Ho Hoang Phuong, Radiologue, Directeur du Centre d&#8217;Imagerie M\u00e9dicale, H\u00f4pital Tam-Anh (Saigon)<\/li>\n<li>Hong Minh Luyen, FMH M\u00e9decine interne (Gen\u00e8ve)<\/li>\n<li>Huynh-Do Phi, FMH M\u00e9decine interne (Gen\u00e8ve)<\/li>\n<li><strong> Dr. Huynh-Do Uyen, FMH N\u00e9phrologie, M\u00e9decin-adjointe, Inselspital Berne, Vice-pr\u00e9sidente<\/strong><\/li>\n<li><strong> Kraehenbuhl Jean-Pierre, Immunologie (Lausanne), Webmaster<\/strong><\/li>\n<li>L\u00ea-Broccard France, FMH M\u00e9decine g\u00e9n\u00e9rale (Gen\u00e8ve)<\/li>\n<li>L\u00ea Khac Tien, IVF sp\u00e9cialist, My-Duc Hospital (Saigon)<\/li>\n<li>Dr. phil. L\u00ea Van Khoa, Director of HoChiMinh City Waste Recycling Fund (REFU) (Saigon, Vietnam)<\/li>\n<li>Linh Chinh, FMH Gyn\u00e9cologie, St. Imier (BE)<\/li>\n<li>Magnin Jean-Luc, FAMH, Chef du Laboratoire, H\u00f4pital Fribourgeois<\/li>\n<li>Nguyen Duy, FMH Neuro-Radiologie (Gen\u00e8ve)<\/li>\n<li>phil. Nguyen An Binh, Universit\u00e9 Nationale, Ecole de Pharmacie and M\u00e9decine, Saigon<\/li>\n<li>Nguyen Howles Mai, FMH Endocrinologie et Diab\u00e9tologie (Gen\u00e8ve)<\/li>\n<li><strong>Madame Nguyen Kim-Yen, Bachelor of Art in English Studies (Fribourg), Secr\u00e9taire et tr\u00e9sori\u00e8re<\/strong><\/li>\n<li>Nguyen Long Quoc, Can Tho (Vietnam)<\/li>\n<li>Nguyen Minh Dung, Orthopedic Surgery (Saigon)<\/li>\n<li>phil. Nguyen Minh Tuan, informaticien, Fribourg<\/li>\n<li>Nguyen Ngoc-Lan, FMH Gyn\u00e9cologie (Vaud)<\/li>\n<li>Nguyen Nguyen Vu, FMH Radiologie (Saigon)<\/li>\n<li>Nguyen Nhu Tan, Sp\u00e9cialiste en P\u00e9diatrie (Saigon and USA)<\/li>\n<li><strong> Nguyen Quan- Vinh, FMH N\u00e9phrologie (Fribourg), Pr\u00e9sident<\/strong><\/li>\n<li><strong> Nguyen Tang Thai, FMH Gastroent\u00e9rologie, M\u00e9decin associ\u00e9 (HUG, Gen\u00e8ve), Vice-pr\u00e9sident<\/strong><\/li>\n<li>Nguyen Van-Thien, FMH M\u00e9decine nucl\u00e9aire (Fribourg)<\/li>\n<li>O&#8217;Callaghan Bryan, FMH Radiologie, M\u00e9decin-Chef, H\u00f4pital intercantonal de la Broye (VD)<\/li>\n<li>Pham Hoang-Chinh, FMH Dermatologie (Nyon, VD)<\/li>\n<li>Pham Xuan Cuong, FMH Dermatologie (Gen\u00e8ve)<\/li>\n<li>Phan Vuong Huy-Tu, BSc; M.A (Saigon, Vietnam)<\/li>\n<li>Phung Hong-Diep, FMH M\u00e9decine Interne (Fribourg)<\/li>\n<li>Tran Sao Nam, FMH Urologie, M\u00e9decin associ\u00e9 (HUG, Gen\u00e8ve)<\/li>\n<li>Truong Cao Binh, FMH M\u00e9decine g\u00e9n\u00e9rale (NE)<\/li>\n<li>Vincent Vinh Hung, Radio-oncologie, M\u00e9decin-chef CHU Martinique<\/li>\n<li>Dr. phil. Vu Viet-Nu, Ancienne Directrice, Unit\u00e9 de D\u00e9veloppement et Recherche en \u00c9ducation M\u00e9dicale, Universit\u00e9 de Gen\u00e8ve<\/li>\n<\/ol>\n<p><strong>Total 36 members.<\/strong><\/p>\n<p><strong>New members in bold<\/strong><\/p>\n<p>&nbsp;<\/p>\n<p><strong>Former members: <\/strong><\/p>\n<ul>\n<li>Danzeisen Claude, Sant\u00e9 Publique (Lausanne)<\/li>\n<li>D\u00e9costerd Florence, FAMH, Cheffe-adjointe, H\u00f4pital Cantonal (Fribourg)<\/li>\n<li>Jallon Pierre, Neurologie, Gen\u00e8ve et Can Tho<\/li>\n<\/ul>\n<p>&nbsp;<\/p>","protected":false},"excerpt":{"rendered":"<p>Helvietmed members 2022 Dang C\u00e9cile, FMH Psychiatrie (Gen\u00e8ve) phil. Fellay Beno\u00eet, Fribourg, FAMH, Chef-adjoint, H\u00f4pital Cantonal (Fribourg) Dr. med. Dr. phil. Giacobini Ezio, Psycho-pharmacologie (Gen\u00e8ve) Gonzalez Nguyen-Tang Elsa Diana, FMH P\u00e9diatrie et N\u00e9phrologie p\u00e9diatrique (Gen\u00e8ve) Ho Hoang Phuong, Radiologue, Directeur du Centre d&#8217;Imagerie M\u00e9dicale, H\u00f4pital Tam-Anh (Saigon) Hong Minh Luyen, FMH M\u00e9decine interne (Gen\u00e8ve) Huynh-Do Phi, FMH M\u00e9decine interne (Gen\u00e8ve) Dr. Huynh-Do Uyen, FMH N\u00e9phrologie, M\u00e9decin-adjointe, Inselspital Berne, Vice-pr\u00e9sidente Kraehenbuhl Jean-Pierre, Immunologie (Lausanne), Webmaster L\u00ea-Broccard France, FMH M\u00e9decine g\u00e9n\u00e9rale (Gen\u00e8ve) L\u00ea Khac Tien, IVF sp\u00e9cialist, My-Duc Hospital (Saigon) Dr. phil. L\u00ea Van Khoa, Director of HoChiMinh City Waste Recycling Fund (REFU) (Saigon, Vietnam) Linh Chinh, FMH Gyn\u00e9cologie, St. Imier (BE) Magnin Jean-Luc, FAMH, Chef du Laboratoire, H\u00f4pital Fribourgeois Nguyen Duy, FMH Neuro-Radiologie (Gen\u00e8ve) phil. Nguyen An Binh, Universit\u00e9 Nationale, Ecole de Pharmacie and M\u00e9decine, Saigon Nguyen Howles Mai, FMH Endocrinologie et Diab\u00e9tologie (Gen\u00e8ve) Madame Nguyen Kim-Yen, Bachelor of Art in English Studies (Fribourg), Secr\u00e9taire et tr\u00e9sori\u00e8re Nguyen Long Quoc, Can Tho (Vietnam) Nguyen Minh Dung, Orthopedic Surgery (Saigon) phil. Nguyen Minh Tuan, informaticien, Fribourg Nguyen &hellip;<\/p>","protected":false},"author":158048969,"featured_media":0,"parent":0,"menu_order":0,"comment_status":"closed","ping_status":"closed","template":"","meta":{"_crdt_document":"","advanced_seo_description":"","jetpack_seo_html_title":"","jetpack_seo_noindex":false,"jetpack_post_was_ever_published":false,"footnotes":""},"class_list":["post-3034","page","type-page","status-publish","hentry"],"jetpack_likes_enabled":true,"jetpack_sharing_enabled":true,"jetpack_shortlink":"https:\/\/wp.me\/Pb0jKy-MW","amp_enabled":true,"_links":{"self":[{"href":"https:\/\/helvietmed.org\/vi\/wp-json\/wp\/v2\/pages\/3034","targetHints":{"allow":["GET"]}}],"collection":[{"href":"https:\/\/helvietmed.org\/vi\/wp-json\/wp\/v2\/pages"}],"about":[{"href":"https:\/\/helvietmed.org\/vi\/wp-json\/wp\/v2\/types\/page"}],"author":[{"embeddable":true,"href":"https:\/\/helvietmed.org\/vi\/wp-json\/wp\/v2\/users\/158048969"}],"replies":[{"embeddable":true,"href":"https:\/\/helvietmed.org\/vi\/wp-json\/wp\/v2\/comments?post=3034"}],"version-history":[{"count":4,"href":"https:\/\/helvietmed.org\/vi\/wp-json\/wp\/v2\/pages\/3034\/revisions"}],"predecessor-version":[{"id":3038,"href":"https:\/\/helvietmed.org\/vi\/wp-json\/wp\/v2\/pages\/3034\/revisions\/3038"}],"wp:attachment":[{"href":"https:\/\/helvietmed.org\/vi\/wp-json\/wp\/v2\/media?parent=3034"}],"curies":[{"name":"wp","href":"https:\/\/api.w.org\/{rel}","templated":true}]}}