{"id":316,"date":"2019-05-26T20:19:34","date_gmt":"2019-05-26T20:19:34","guid":{"rendered":"https:\/\/helvietmed.org\/?page_id=316"},"modified":"2019-07-29T20:36:10","modified_gmt":"2019-07-29T20:36:10","slug":"adresse-and-contact","status":"publish","type":"page","link":"https:\/\/helvietmed.org\/vi\/adresse-and-contact\/","title":{"rendered":"Contact"},"content":{"rendered":"<p style=\"text-align: left;\">\n<p style=\"text-align: left;\">Swiss Vietnamese Medical Association<\/p>\n<p style=\"text-align: left;\">Association M\u00e9dicale Helv\u00e9tico-Vi\u00eatnamienne<\/p>\n<p style=\"text-align: left;\">Boulevard de P\u00e9rolles 10<\/p>\n<p style=\"text-align: left;\">1700 Fribourg Switzerland<\/p>\n<p style=\"text-align: left;\">Tel: +41 26 322 13 23\u00a0\u00a0\u00a0\u00a0\u00a0\u00a0\u00a0 Fax: +41 26 322 78 16<\/p>\n<p style=\"text-align: left;\"><img data-recalc-dims=\"1\" fetchpriority=\"high\" decoding=\"async\" data-attachment-id=\"1088\" data-permalink=\"https:\/\/helvietmed.org\/vi\/adresse-and-contact\/img_0342\/\" data-orig-file=\"https:\/\/i0.wp.com\/helvietmed.org\/wp-content\/uploads\/2019\/06\/A%C3%A9exandreYersin17-18\/IMG_0342.jpg?fit=6240%2C4160&amp;ssl=1\" data-orig-size=\"6240,4160\" data-comments-opened=\"1\" data-image-meta=\"{&quot;aperture&quot;:&quot;4&quot;,&quot;credit&quot;:&quot;NGHIA&quot;,&quot;camera&quot;:&quot;Canon EOS 6D Mark II&quot;,&quot;caption&quot;:&quot;&quot;,&quot;created_timestamp&quot;:&quot;1532631435&quot;,&quot;copyright&quot;:&quot;0968109527&quot;,&quot;focal_length&quot;:&quot;102&quot;,&quot;iso&quot;:&quot;1000&quot;,&quot;shutter_speed&quot;:&quot;0.008&quot;,&quot;title&quot;:&quot;&quot;,&quot;orientation&quot;:&quot;1&quot;}\" data-image-title=\"IMG_0342\" data-image-description=\"\" data-image-caption=\"\" data-large-file=\"https:\/\/i0.wp.com\/helvietmed.org\/wp-content\/uploads\/2019\/06\/A%C3%A9exandreYersin17-18\/IMG_0342.jpg?fit=840%2C560&amp;ssl=1\" class=\"size-medium wp-image-1088 alignleft\" src=\"https:\/\/i0.wp.com\/helvietmed.org\/wp-content\/uploads\/2019\/06\/A%C3%A9exandreYersin17-18\/IMG_0342.jpg?resize=300%2C200&#038;ssl=1\" alt=\"\" width=\"300\" height=\"200\" srcset=\"https:\/\/i0.wp.com\/helvietmed.org\/wp-content\/uploads\/2019\/06\/A%C3%A9exandreYersin17-18\/IMG_0342.jpg?resize=300%2C200&amp;ssl=1 300w, https:\/\/i0.wp.com\/helvietmed.org\/wp-content\/uploads\/2019\/06\/A%C3%A9exandreYersin17-18\/IMG_0342.jpg?resize=768%2C512&amp;ssl=1 768w, https:\/\/i0.wp.com\/helvietmed.org\/wp-content\/uploads\/2019\/06\/A%C3%A9exandreYersin17-18\/IMG_0342.jpg?resize=1024%2C683&amp;ssl=1 1024w, https:\/\/i0.wp.com\/helvietmed.org\/wp-content\/uploads\/2019\/06\/A%C3%A9exandreYersin17-18\/IMG_0342.jpg?resize=840%2C560&amp;ssl=1 840w, https:\/\/i0.wp.com\/helvietmed.org\/wp-content\/uploads\/2019\/06\/A%C3%A9exandreYersin17-18\/IMG_0342.jpg?resize=1200%2C800&amp;ssl=1 1200w, https:\/\/i0.wp.com\/helvietmed.org\/wp-content\/uploads\/2019\/06\/A%C3%A9exandreYersin17-18\/IMG_0342.jpg?resize=960%2C640&amp;ssl=1 960w, https:\/\/i0.wp.com\/helvietmed.org\/wp-content\/uploads\/2019\/06\/A%C3%A9exandreYersin17-18\/IMG_0342.jpg?resize=272%2C182&amp;ssl=1 272w, https:\/\/i0.wp.com\/helvietmed.org\/wp-content\/uploads\/2019\/06\/A%C3%A9exandreYersin17-18\/IMG_0342.jpg?w=1680&amp;ssl=1 1680w, https:\/\/i0.wp.com\/helvietmed.org\/wp-content\/uploads\/2019\/06\/A%C3%A9exandreYersin17-18\/IMG_0342.jpg?w=2520&amp;ssl=1 2520w\" sizes=\"(max-width: 300px) 100vw, 300px\" \/><\/p>\n<p>&nbsp;<\/p>\n<p style=\"text-align: left;\">Dr. Quan-Vinh Nguyen (Pr\u00e9sident)<\/p>\n<p style=\"text-align: left;\">Email:\u00a0Qvnguyen@swissonline.ch<\/p>\n<p style=\"text-align: left;\">","protected":false},"excerpt":{"rendered":"<p>Swiss Vietnamese Medical Association Association M\u00e9dicale Helv\u00e9tico-Vi\u00eatnamienne Boulevard de P\u00e9rolles 10 1700 Fribourg Switzerland Tel: +41 26 322 13 23\u00a0\u00a0\u00a0\u00a0\u00a0\u00a0\u00a0 Fax: +41 26 322 78 16 &nbsp; Dr. Quan-Vinh Nguyen (Pr\u00e9sident) Email:\u00a0Qvnguyen@swissonline.ch<\/p>","protected":false},"author":158048969,"featured_media":0,"parent":0,"menu_order":0,"comment_status":"closed","ping_status":"closed","template":"","meta":{"_crdt_document":"","advanced_seo_description":"","jetpack_seo_html_title":"","jetpack_seo_noindex":false,"footnotes":""},"class_list":["post-316","page","type-page","status-publish","hentry"],"jetpack_likes_enabled":true,"jetpack_sharing_enabled":true,"jetpack_shortlink":"https:\/\/wp.me\/Pb0jKy-56","amp_enabled":true,"_links":{"self":[{"href":"https:\/\/helvietmed.org\/vi\/wp-json\/wp\/v2\/pages\/316","targetHints":{"allow":["GET"]}}],"collection":[{"href":"https:\/\/helvietmed.org\/vi\/wp-json\/wp\/v2\/pages"}],"about":[{"href":"https:\/\/helvietmed.org\/vi\/wp-json\/wp\/v2\/types\/page"}],"author":[{"embeddable":true,"href":"https:\/\/helvietmed.org\/vi\/wp-json\/wp\/v2\/users\/158048969"}],"replies":[{"embeddable":true,"href":"https:\/\/helvietmed.org\/vi\/wp-json\/wp\/v2\/comments?post=316"}],"version-history":[{"count":7,"href":"https:\/\/helvietmed.org\/vi\/wp-json\/wp\/v2\/pages\/316\/revisions"}],"predecessor-version":[{"id":1805,"href":"https:\/\/helvietmed.org\/vi\/wp-json\/wp\/v2\/pages\/316\/revisions\/1805"}],"wp:attachment":[{"href":"https:\/\/helvietmed.org\/vi\/wp-json\/wp\/v2\/media?parent=316"}],"curies":[{"name":"wp","href":"https:\/\/api.w.org\/{rel}","templated":true}]}}