{"id":3490,"date":"2024-01-11T15:01:14","date_gmt":"2024-01-11T15:01:14","guid":{"rendered":"https:\/\/helvietmed.org\/?page_id=3490"},"modified":"2024-01-11T15:02:44","modified_gmt":"2024-01-11T15:02:44","slug":"rapport-annuel-2022","status":"publish","type":"page","link":"https:\/\/helvietmed.org\/vi\/rapport-annuel-2022\/","title":{"rendered":"Rapport annuel 2022"},"content":{"rendered":"<h1><\/h1>\n<p><strong>\u00a0<\/strong><\/p>\n<p style=\"text-align: center;\"><strong>Vergelt&#8217;s Gott<\/strong><\/p>\n<p style=\"text-align: center;\">\n<p style=\"text-align: center;\">Chers sponsors, chers donateurs,<\/p>\n<p style=\"text-align: center;\">Ch\u00e8res Amies, chers Amis,<\/p>\n<p style=\"text-align: center;\">Ch\u00e8res \u00e9tudiantes, chers \u00e9tudiants.<\/p>\n<p style=\"text-align: center;\">\n<p style=\"text-align: center;\">Au nom de nous tous, je vous remercie de votre engagement pour la cr\u00e9ation, le maintien de l&#8217;Helvietmed et pour votre soutien constant de ses activit\u00e9s <strong>depuis 2011<\/strong>.<\/p>\n<p>Les activit\u00e9s de 2022 consistent \u00e0 poursuivre les projets en cours dont une partie a d\u00e9j\u00e0 \u00e9t\u00e9 mentionn\u00e9e dans le rapport annuel 2021&#8230;..<\/p>\n<p><a href=\"https:\/\/helvietmed.org\/wp-content\/uploads\/2024\/01\/Helvietmed-Rapport-annuel-2022-.pdf\">Helvietmed- Rapport annuel 2022<\/a><\/p>\n<p>&nbsp;<\/p>","protected":false},"excerpt":{"rendered":"<p>\u00a0 Vergelt&#8217;s Gott Chers sponsors, chers donateurs, Ch\u00e8res Amies, chers Amis, Ch\u00e8res \u00e9tudiantes, chers \u00e9tudiants. Au nom de nous tous, je vous remercie de votre engagement pour la cr\u00e9ation, le maintien de l&#8217;Helvietmed et pour votre soutien constant de ses activit\u00e9s depuis 2011. Les activit\u00e9s de 2022 consistent \u00e0 poursuivre les projets en cours dont une partie a d\u00e9j\u00e0 \u00e9t\u00e9 mentionn\u00e9e dans le rapport annuel 2021&#8230;.. Helvietmed- Rapport annuel 2022 &nbsp;<\/p>","protected":false},"author":158048969,"featured_media":0,"parent":0,"menu_order":0,"comment_status":"closed","ping_status":"closed","template":"","meta":{"_crdt_document":"","advanced_seo_description":"","jetpack_seo_html_title":"","jetpack_seo_noindex":false,"footnotes":""},"class_list":["post-3490","page","type-page","status-publish","hentry"],"jetpack_likes_enabled":true,"jetpack_sharing_enabled":true,"jetpack_shortlink":"https:\/\/wp.me\/Pb0jKy-Ui","amp_enabled":true,"_links":{"self":[{"href":"https:\/\/helvietmed.org\/vi\/wp-json\/wp\/v2\/pages\/3490","targetHints":{"allow":["GET"]}}],"collection":[{"href":"https:\/\/helvietmed.org\/vi\/wp-json\/wp\/v2\/pages"}],"about":[{"href":"https:\/\/helvietmed.org\/vi\/wp-json\/wp\/v2\/types\/page"}],"author":[{"embeddable":true,"href":"https:\/\/helvietmed.org\/vi\/wp-json\/wp\/v2\/users\/158048969"}],"replies":[{"embeddable":true,"href":"https:\/\/helvietmed.org\/vi\/wp-json\/wp\/v2\/comments?post=3490"}],"version-history":[{"count":3,"href":"https:\/\/helvietmed.org\/vi\/wp-json\/wp\/v2\/pages\/3490\/revisions"}],"predecessor-version":[{"id":3493,"href":"https:\/\/helvietmed.org\/vi\/wp-json\/wp\/v2\/pages\/3490\/revisions\/3493"}],"wp:attachment":[{"href":"https:\/\/helvietmed.org\/vi\/wp-json\/wp\/v2\/media?parent=3490"}],"curies":[{"name":"wp","href":"https:\/\/api.w.org\/{rel}","templated":true}]}}