{"id":450,"date":"2019-06-02T21:07:49","date_gmt":"2019-06-02T21:07:49","guid":{"rendered":"https:\/\/helvietmed.org\/?page_id=450"},"modified":"2019-07-29T20:20:30","modified_gmt":"2019-07-29T20:20:30","slug":"donors-sponsors-2018-2019","status":"publish","type":"page","link":"https:\/\/helvietmed.org\/vi\/donors-sponsors-2018-2019\/","title":{"rendered":"Donors\/sponsors 2018-2019"},"content":{"rendered":"<p><span style=\"text-decoration: underline;\"><span style=\"color: #0000ff; text-decoration: underline;\">SPONSORS EXTERNES<\/span><\/span><\/p>\n<p><span style=\"text-decoration: underline;\"><span style=\"color: #0000ff; text-decoration: underline;\">Individuels\/Priv\u00e9s<\/span><\/span><u><\/u><\/p>\n<ul>\n<li>Dr. Descombes Eric, Centre de Dialyse, HFR-H\u00f4pital Cantonal de Fribourg<\/li>\n<li>Dr. Martin Ganslmayer, Fribourg.<\/li>\n<li>M. Haensenberger Andreas, Architecte dipl\u00f4m\u00e9 FH, Burgdorf<\/li>\n<li>Madame Nguyen Thi Mai, Fribourg<\/li>\n<li>Madame Pasquier Brigitte, FIDECA Bulle (FR)<\/li>\n<li>M. et Madame Riedo Erwin et Fernanda, Avry-devant-Pont (FR)<\/li>\n<li>Monsieur Peter Danzeisen et Madame Fran\u00e7oise Danzeisen, France<\/li>\n<li>Fr\u00e8re Karl Elsasser, Matran<\/li>\n<li>Monsieur Pascal Bovey et Madame Thi Bovay, Epalinges<\/li>\n<li>Madame Baumgartner Susanne, Burgdorf<\/li>\n<\/ul>\n<p><span style=\"text-decoration: underline;\"><span style=\"color: #0000ff; text-decoration: underline;\">Institutionnels<\/span><\/span><\/p>\n<ul>\n<li>Soci\u00e9t\u00e9 M\u00e9dicale de Beaulieu, Chemin de Beau-Soleil 20, 1206 Gen\u00e8ve (<a href=\"http:\/\/www.beaulieu.ch\/medecins_societe.php)\">http:\/\/www.beaulieu.ch\/medecins_societe.php)<\/a><\/li>\n<li>Fondation Adelman pour l&#8217;Education, Boulevard de P\u00e9rolles 12, 1700 Fribourg<\/li>\n<\/ul>\n<p><span style=\"text-decoration: underline;\"><span style=\"color: #0000ff; text-decoration: underline;\">SPONSORS INTERNES<\/span><\/span><\/p>\n<ul>\n<li>Dr. Dang C\u00e9cile<\/li>\n<li>Prof. Dr. Huynh-Do Uyen (2 bourses)<\/li>\n<li>Prof. Dr. Kraehenbuhl Jean-Pierre (2 bourses)<\/li>\n<li>Dr. L\u00ea Broccard France-Van Trang<\/li>\n<li>Dr. Nguyen Duy<\/li>\n<li>Dr. Nguyen Quan-Vinh (2 bourses)<\/li>\n<li>Dr. Nguyen Howles Mai<\/li>\n<li>Dr. Nguyen- Tang Thai<\/li>\n<li>Dr. O&#8217;Callaghan Bryan (4 bourses)<\/li>\n<li>Dr. Pham Hoang-Chinh (2 bourses)<\/li>\n<li>Dr. Phung Hong-Diep<\/li>\n<li>Dr. Tran Sao-Nam<\/li>\n<li>Dr. Vincent Vinh-Hung<\/li>\n<li>Prof. Dr. Vu Viet-Nu<\/li>\n<li>Dr. Fellay Beno\u00eet<\/li>\n<\/ul>","protected":false},"excerpt":{"rendered":"<p>SPONSORS EXTERNES Individuels\/Priv\u00e9s Dr. Descombes Eric, Centre de Dialyse, HFR-H\u00f4pital Cantonal de Fribourg Dr. Martin Ganslmayer, Fribourg. M. Haensenberger Andreas, Architecte dipl\u00f4m\u00e9 FH, Burgdorf Madame Nguyen Thi Mai, Fribourg Madame Pasquier Brigitte, FIDECA Bulle (FR) M. et Madame Riedo Erwin et Fernanda, Avry-devant-Pont (FR) Monsieur Peter Danzeisen et Madame Fran\u00e7oise Danzeisen, France Fr\u00e8re Karl Elsasser, Matran Monsieur Pascal Bovey et Madame Thi Bovay, Epalinges Madame Baumgartner Susanne, Burgdorf Institutionnels Soci\u00e9t\u00e9 M\u00e9dicale de Beaulieu, Chemin de Beau-Soleil 20, 1206 Gen\u00e8ve (<a href=\"http:\/\/www.beaulieu.ch\/medecins_societe.php\" rel=\"nofollow\">http:\/\/www.beaulieu.ch\/medecins_societe.php<\/a>) Fondation Adelman pour l&#8217;Education, Boulevard de P\u00e9rolles 12, 1700 Fribourg SPONSORS INTERNES Dr. Dang C\u00e9cile Prof. Dr. Huynh-Do Uyen (2 bourses) Prof. Dr. Kraehenbuhl Jean-Pierre (2 bourses) Dr. L\u00ea Broccard France-Van Trang Dr. Nguyen Duy Dr. Nguyen Quan-Vinh (2 bourses) Dr. Nguyen Howles Mai Dr. Nguyen- Tang Thai Dr. O&#8217;Callaghan Bryan (4 bourses) Dr. Pham Hoang-Chinh (2 bourses) Dr. Phung Hong-Diep Dr. Tran Sao-Nam Dr. Vincent Vinh-Hung Prof. Dr. Vu Viet-Nu Dr. Fellay Beno\u00eet<\/p>","protected":false},"author":158048969,"featured_media":0,"parent":0,"menu_order":0,"comment_status":"closed","ping_status":"closed","template":"","meta":{"_crdt_document":"","advanced_seo_description":"","jetpack_seo_html_title":"","jetpack_seo_noindex":false,"footnotes":""},"class_list":["post-450","page","type-page","status-publish","hentry"],"jetpack_likes_enabled":true,"jetpack_sharing_enabled":true,"jetpack_shortlink":"https:\/\/wp.me\/Pb0jKy-7g","amp_enabled":true,"_links":{"self":[{"href":"https:\/\/helvietmed.org\/vi\/wp-json\/wp\/v2\/pages\/450","targetHints":{"allow":["GET"]}}],"collection":[{"href":"https:\/\/helvietmed.org\/vi\/wp-json\/wp\/v2\/pages"}],"about":[{"href":"https:\/\/helvietmed.org\/vi\/wp-json\/wp\/v2\/types\/page"}],"author":[{"embeddable":true,"href":"https:\/\/helvietmed.org\/vi\/wp-json\/wp\/v2\/users\/158048969"}],"replies":[{"embeddable":true,"href":"https:\/\/helvietmed.org\/vi\/wp-json\/wp\/v2\/comments?post=450"}],"version-history":[{"count":2,"href":"https:\/\/helvietmed.org\/vi\/wp-json\/wp\/v2\/pages\/450\/revisions"}],"predecessor-version":[{"id":1798,"href":"https:\/\/helvietmed.org\/vi\/wp-json\/wp\/v2\/pages\/450\/revisions\/1798"}],"wp:attachment":[{"href":"https:\/\/helvietmed.org\/vi\/wp-json\/wp\/v2\/media?parent=450"}],"curies":[{"name":"wp","href":"https:\/\/api.w.org\/{rel}","templated":true}]}}