{"id":453,"date":"2019-06-02T21:10:13","date_gmt":"2019-06-02T21:10:13","guid":{"rendered":"https:\/\/helvietmed.org\/?page_id=453"},"modified":"2019-07-29T20:18:53","modified_gmt":"2019-07-29T20:18:53","slug":"donors-sponsors-2017-2018","status":"publish","type":"page","link":"https:\/\/helvietmed.org\/vi\/donors-sponsors-2017-2018\/","title":{"rendered":"Donors\/sponsors 2017-2018"},"content":{"rendered":"<p><span style=\"text-decoration: underline;\"><span style=\"color: #0000ff; text-decoration: underline;\">SPONSORS EXTERNES<\/span><\/span><\/p>\n<p><span style=\"text-decoration: underline;\"><span style=\"color: #0000ff; text-decoration: underline;\">Individuels\/Priv\u00e9s<\/span><\/span><\/p>\n<ul>\n<li>Dr. Descombes Eric, Centre de Dialyse, HFR-H\u00f4pital Cantonal de Fribourg<\/li>\n<li>Dr. Martin Ganslmayer, Fribourg.<\/li>\n<li>M. Haensenberger Andreas, Architecte dipl\u00f4m\u00e9 FH, Burgdorf<\/li>\n<li>Madame Nguyen Thi Mai, Fribourg<\/li>\n<li>Madame Pasquier Brigitte, Bulle (FR)<\/li>\n<li>M. et Madame Riedo Erwin et Fernanda, Avry-devant-Pont (FR)<\/li>\n<\/ul>\n<p><span style=\"text-decoration: underline;\"><span style=\"color: #0000ff; text-decoration: underline;\">Institutionnels<\/span><\/span><\/p>\n<ul>\n<li>Soci\u00e9t\u00e9 M\u00e9dicale de Beaulieu, Chemin de Beau-Soleil 20, 1206 Gen\u00e8ve (<a href=\"http:\/\/www.beaulieu.ch\/medecins_societe.php)\">http:\/\/www.beaulieu.ch\/medecins_societe.php)<\/a><\/li>\n<li>Fondation Adelman pour l&#8217;Education, Boulevard de P\u00e9rolles 12, 1700 Fribourg<\/li>\n<\/ul>\n<p><span style=\"text-decoration: underline;\"><span style=\"color: #0000ff; text-decoration: underline;\">SPONSORS INTERNES<\/span><\/span><\/p>\n<ul>\n<li>Dr. Dang C\u00e9cile<\/li>\n<li>Prof. Dr. Huynh-Do Uyen (2 bourses)<\/li>\n<li>Prof. Dr. Kraehenbuhl Jean-Pierre<\/li>\n<li>Dr. L\u00ea Broccard France-Van Trang<\/li>\n<li>Dr. Nguyen Duy<\/li>\n<li>Dr. Nguyen Quan-Vinh (2 bourses)<\/li>\n<li>Dr. Nguyen Howles Mai<\/li>\n<li>Dr. Nguyen- Tang Thai<\/li>\n<li>Dr. O&#8217;Callaghan Bryan (4 bourses)<\/li>\n<li>Dr. Pham Hoang-Chinh<\/li>\n<li>Dr. Phung Hong-Diep<\/li>\n<li>Dr. Tran Sao-Nam<\/li>\n<li>Dr. Vincent Vinh-Hung<\/li>\n<li>Prof. Dr. Vu Viet-Nu<\/li>\n<\/ul>","protected":false},"excerpt":{"rendered":"<p>SPONSORS EXTERNES Individuels\/Priv\u00e9s Dr. Descombes Eric, Centre de Dialyse, HFR-H\u00f4pital Cantonal de Fribourg Dr. Martin Ganslmayer, Fribourg. M. Haensenberger Andreas, Architecte dipl\u00f4m\u00e9 FH, Burgdorf Madame Nguyen Thi Mai, Fribourg Madame Pasquier Brigitte, Bulle (FR) M. et Madame Riedo Erwin et Fernanda, Avry-devant-Pont (FR) Institutionnels Soci\u00e9t\u00e9 M\u00e9dicale de Beaulieu, Chemin de Beau-Soleil 20, 1206 Gen\u00e8ve (<a href=\"http:\/\/www.beaulieu.ch\/medecins_societe.php\" rel=\"nofollow\">http:\/\/www.beaulieu.ch\/medecins_societe.php<\/a>) Fondation Adelman pour l&#8217;Education, Boulevard de P\u00e9rolles 12, 1700 Fribourg SPONSORS INTERNES Dr. Dang C\u00e9cile Prof. Dr. Huynh-Do Uyen (2 bourses) Prof. Dr. Kraehenbuhl Jean-Pierre Dr. L\u00ea Broccard France-Van Trang Dr. Nguyen Duy Dr. Nguyen Quan-Vinh (2 bourses) Dr. Nguyen Howles Mai Dr. Nguyen- Tang Thai Dr. O&#8217;Callaghan Bryan (4 bourses) Dr. Pham Hoang-Chinh Dr. Phung Hong-Diep Dr. Tran Sao-Nam Dr. Vincent Vinh-Hung Prof. Dr. Vu Viet-Nu<\/p>","protected":false},"author":158048969,"featured_media":0,"parent":0,"menu_order":0,"comment_status":"closed","ping_status":"closed","template":"","meta":{"_crdt_document":"","advanced_seo_description":"","jetpack_seo_html_title":"","jetpack_seo_noindex":false,"footnotes":""},"class_list":["post-453","page","type-page","status-publish","hentry"],"jetpack_likes_enabled":true,"jetpack_sharing_enabled":true,"jetpack_shortlink":"https:\/\/wp.me\/Pb0jKy-7j","amp_enabled":true,"_links":{"self":[{"href":"https:\/\/helvietmed.org\/vi\/wp-json\/wp\/v2\/pages\/453","targetHints":{"allow":["GET"]}}],"collection":[{"href":"https:\/\/helvietmed.org\/vi\/wp-json\/wp\/v2\/pages"}],"about":[{"href":"https:\/\/helvietmed.org\/vi\/wp-json\/wp\/v2\/types\/page"}],"author":[{"embeddable":true,"href":"https:\/\/helvietmed.org\/vi\/wp-json\/wp\/v2\/users\/158048969"}],"replies":[{"embeddable":true,"href":"https:\/\/helvietmed.org\/vi\/wp-json\/wp\/v2\/comments?post=453"}],"version-history":[{"count":2,"href":"https:\/\/helvietmed.org\/vi\/wp-json\/wp\/v2\/pages\/453\/revisions"}],"predecessor-version":[{"id":1797,"href":"https:\/\/helvietmed.org\/vi\/wp-json\/wp\/v2\/pages\/453\/revisions\/1797"}],"wp:attachment":[{"href":"https:\/\/helvietmed.org\/vi\/wp-json\/wp\/v2\/media?parent=453"}],"curies":[{"name":"wp","href":"https:\/\/api.w.org\/{rel}","templated":true}]}}