{"id":456,"date":"2019-06-02T21:12:35","date_gmt":"2019-06-02T21:12:35","guid":{"rendered":"https:\/\/helvietmed.org\/?page_id=456"},"modified":"2019-07-29T20:17:29","modified_gmt":"2019-07-29T20:17:29","slug":"donors-sponsors-2016-2017","status":"publish","type":"page","link":"https:\/\/helvietmed.org\/vi\/donors-sponsors-2016-2017\/","title":{"rendered":"Donors\/sponsors 2016-2017"},"content":{"rendered":"<p style=\"text-align: left;\"><span style=\"text-decoration: underline;\"><span style=\"color: #0000ff; text-decoration: underline;\">SPONSORS EXTERNES<\/span><\/span><\/p>\n<p><span style=\"text-decoration: underline;\"><span style=\"color: #0000ff; text-decoration: underline;\">Individuels\/Priv\u00e9s<\/span><\/span><\/p>\n<ul>\n<li>M. Adam Ibrahim, Fribourg.<\/li>\n<li>Madame Baumgartner Susanne, Burgdorf<\/li>\n<li>Dr. Descombes Eric, Centre de Dialyse, HFR-H\u00f4pital Cantonal de Fribourg<\/li>\n<li>Fr\u00e8re Elsasser Karl, Matran<\/li>\n<li>Dr. Martin Ganslmayer, Fribourg.<\/li>\n<li>M. Haensenberger Andreas, Architecte dipl\u00f4m\u00e9 FH, Burgdorf<\/li>\n<li>M. Krauer Beat, Chamb\u00e9sy<\/li>\n<li>Dr. Patrick Mirimanoff, Collonge-Bellerive (GE)<\/li>\n<li>Madame Nguyen Thi Mai, Fribourg<strong style=\"font-size: 15px;\"><u>\u00a0<\/u><\/strong><\/li>\n<\/ul>\n<p><span style=\"text-decoration: underline;\"><span style=\"color: #0000ff; text-decoration: underline;\">Institutionnels<\/span><\/span><\/p>\n<ul>\n<li>Soci\u00e9t\u00e9 M\u00e9dicale de Beaulieu, Chemin de Beau-Soleil 20, 1206 Gen\u00e8ve (<a href=\"http:\/\/www.beaulieu.ch\/medecins_societe.php)\">http:\/\/www.beaulieu.ch\/medecins_societe.php)<\/a><\/li>\n<li>Fondation Adelman pour l&#8217;Education, Boulevard de P\u00e9rolles 12, 1700 Fribourg<\/li>\n<li>Soroptimist International Club Berne Arcadia, Wylerstr. 2, 3014 Berne. (<a href=\"http:\/\/www.soroptimist-berne-arcadia.ch\/index.php?id=24\" rel=\"nofollow\">http:\/\/www.soroptimist-berne-arcadia.ch\/index.php?id=24<\/a>)<\/li>\n<li>Viollier AG, Spalenring 145\/147 4055 Basel<\/li>\n<\/ul>\n<p><span style=\"text-decoration: underline;\"><span style=\"color: #0000ff; text-decoration: underline;\">SPONSORS INTERNES<\/span><\/span><\/p>\n<ul>\n<li>Dr. Dang C\u00e9cile<\/li>\n<li>Prof. Dr. Huynh-Do Uyen<\/li>\n<li>Prof. Dr. Kraehenbuhl Jean-Pierre<\/li>\n<li>Dr. L\u00ea Broccard France-Van Trang<\/li>\n<li>Dr. Nguyen Duy<\/li>\n<li>Madame Nguyen Kim-Yen, B.A<\/li>\n<li>Dr. Nguyen Ngoc -Lan<\/li>\n<li>Dr. Nguyen Quan-Vinh<\/li>\n<li>Dr. Nguyen Howles Mai<\/li>\n<li>Dr. Nguyen- Tang Thai<\/li>\n<li>Dr. O&#8217;Callaghan Bryan<\/li>\n<li>Dr. Pham Hoang-Chinh<\/li>\n<li>Monsieur Phan Vuong Huy Tu, MA<\/li>\n<li>Dr. Phung Hong-Diep<\/li>\n<li>Dr. Tran Sao-Nam<\/li>\n<li>Prof. Dr. Vu Viet-Nu<\/li>\n<\/ul>","protected":false},"excerpt":{"rendered":"<p>SPONSORS EXTERNES Individuels\/Priv\u00e9s M. Adam Ibrahim, Fribourg. Madame Baumgartner Susanne, Burgdorf Dr. Descombes Eric, Centre de Dialyse, HFR-H\u00f4pital Cantonal de Fribourg Fr\u00e8re Elsasser Karl, Matran Dr. Martin Ganslmayer, Fribourg. M. Haensenberger Andreas, Architecte dipl\u00f4m\u00e9 FH, Burgdorf M. Krauer Beat, Chamb\u00e9sy Dr. Patrick Mirimanoff, Collonge-Bellerive (GE) Madame Nguyen Thi Mai, Fribourg\u00a0 Institutionnels Soci\u00e9t\u00e9 M\u00e9dicale de Beaulieu, Chemin de Beau-Soleil 20, 1206 Gen\u00e8ve (<a href=\"http:\/\/www.beaulieu.ch\/medecins_societe.php\" rel=\"nofollow\">http:\/\/www.beaulieu.ch\/medecins_societe.php<\/a>) Fondation Adelman pour l&#8217;Education, Boulevard de P\u00e9rolles 12, 1700 Fribourg Soroptimist International Club Berne Arcadia, Wylerstr. 2, 3014 Berne. (<a href=\"http:\/\/www.soroptimist-berne-arcadia.ch\/index.php?id=24\" rel=\"nofollow\">http:\/\/www.soroptimist-berne-arcadia.ch\/index.php?id=24<\/a>) Viollier AG, Spalenring 145\/147 4055 Basel SPONSORS INTERNES Dr. Dang C\u00e9cile Prof. Dr. Huynh-Do Uyen Prof. Dr. Kraehenbuhl Jean-Pierre Dr. L\u00ea Broccard France-Van Trang Dr. Nguyen Duy Madame Nguyen Kim-Yen, B.A Dr. Nguyen Ngoc -Lan Dr. Nguyen Quan-Vinh Dr. Nguyen Howles Mai Dr. Nguyen- Tang Thai Dr. O&#8217;Callaghan Bryan Dr. Pham Hoang-Chinh Monsieur Phan Vuong Huy Tu, MA Dr. Phung Hong-Diep Dr. Tran Sao-Nam Prof. Dr. Vu Viet-Nu<\/p>","protected":false},"author":158048969,"featured_media":0,"parent":0,"menu_order":0,"comment_status":"closed","ping_status":"closed","template":"","meta":{"_crdt_document":"","advanced_seo_description":"","jetpack_seo_html_title":"","jetpack_seo_noindex":false,"footnotes":""},"class_list":["post-456","page","type-page","status-publish","hentry"],"jetpack_likes_enabled":true,"jetpack_sharing_enabled":true,"jetpack_shortlink":"https:\/\/wp.me\/Pb0jKy-7m","amp_enabled":true,"_links":{"self":[{"href":"https:\/\/helvietmed.org\/vi\/wp-json\/wp\/v2\/pages\/456","targetHints":{"allow":["GET"]}}],"collection":[{"href":"https:\/\/helvietmed.org\/vi\/wp-json\/wp\/v2\/pages"}],"about":[{"href":"https:\/\/helvietmed.org\/vi\/wp-json\/wp\/v2\/types\/page"}],"author":[{"embeddable":true,"href":"https:\/\/helvietmed.org\/vi\/wp-json\/wp\/v2\/users\/158048969"}],"replies":[{"embeddable":true,"href":"https:\/\/helvietmed.org\/vi\/wp-json\/wp\/v2\/comments?post=456"}],"version-history":[{"count":2,"href":"https:\/\/helvietmed.org\/vi\/wp-json\/wp\/v2\/pages\/456\/revisions"}],"predecessor-version":[{"id":1796,"href":"https:\/\/helvietmed.org\/vi\/wp-json\/wp\/v2\/pages\/456\/revisions\/1796"}],"wp:attachment":[{"href":"https:\/\/helvietmed.org\/vi\/wp-json\/wp\/v2\/media?parent=456"}],"curies":[{"name":"wp","href":"https:\/\/api.w.org\/{rel}","templated":true}]}}