{"id":459,"date":"2019-06-02T21:15:19","date_gmt":"2019-06-02T21:15:19","guid":{"rendered":"https:\/\/helvietmed.org\/?page_id=459"},"modified":"2019-07-29T20:16:23","modified_gmt":"2019-07-29T20:16:23","slug":"donors-sponsors-2015-2016","status":"publish","type":"page","link":"https:\/\/helvietmed.org\/vi\/donors-sponsors-2015-2016\/","title":{"rendered":"Donors\/Sponsors 2015-2016"},"content":{"rendered":"<p style=\"text-align: left;\"><span style=\"text-decoration: underline;\"><span style=\"color: #0000ff; text-decoration: underline;\">SPONSORS EXTERNES<\/span><\/span><\/p>\n<p><span style=\"text-decoration: underline;\"><span style=\"color: #0000ff; text-decoration: underline;\">Individuels\/Priv\u00e9s<\/span><\/span><\/p>\n<ul>\n<li>Madame Catherine Agustoni, Fribourg<\/li>\n<li>Madame Baumgartner Susanne, Burgdorf<\/li>\n<li>Monsieur et Madame Yvan et Caroline Brodard, Praroman-le Mouret<\/li>\n<li>Madame et Monsieur Danzeisen Fran\u00e7oise, Vaud<\/li>\n<li>Dr. Descombes Eric, Centre de Dialyse, HFR-H\u00f4pital Cantonal de Fribourg<\/li>\n<li>Dr. Martin Ganslmayer, Fribourg.<\/li>\n<li>Monsieur Gonzalez-Diez A. et\u00a0 Madame D\u2019Ans de Gonzalez V, Gen\u00e8ve<\/li>\n<li>M. Haensenberger Andreas, Architecte dipl\u00f4m\u00e9 FH, Burgdorf<\/li>\n<li>M. Krauer Beat, Chamb\u00e9sy<\/li>\n<li>Dr. Patrick Mirimanoff, Collonge-Bellerive (GE)<\/li>\n<li>Madame Nguyen Thi Mai, Fribourg<\/li>\n<li>Prof. Claude Regamey, Fribourg<\/li>\n<li>M. Erwin Riedo, Fribourg<\/li>\n<\/ul>\n<p><span style=\"text-decoration: underline;\"><span style=\"color: #0000ff; text-decoration: underline;\">Institutionnels<\/span><\/span><\/p>\n<ul>\n<li>Soci\u00e9t\u00e9 M\u00e9dicale de Beaulieu, Chemin de Beau-Soleil 20, 1206 Gen\u00e8ve<\/li>\n<li>Pierre Fabre Pharma AG ; Hegenheimermattweg, CH-4123 Allschwill<\/li>\n<\/ul>\n<p><span style=\"text-decoration: underline;\"><span style=\"color: #0000ff; text-decoration: underline;\">SPONSORS INTERNES<\/span><\/span><\/p>\n<ul>\n<li>Dr. Dang C\u00e9cile<\/li>\n<li>Dr. Danzeisen Claude<\/li>\n<li>Dr. Fellay Beno\u00eet<\/li>\n<li>Prof. Dr. Huynh-Do Uyen<\/li>\n<li>Prof. Dr. Kraehenbuhl Jean-Pierre<\/li>\n<li>Dr. L\u00ea Broccard France-Van Trang<\/li>\n<li>Dr. Nguyen Duy<\/li>\n<li>Madame Nguyen Kim-Yen, B.A<\/li>\n<li>Dr. Nguyen Ngoc -Lan<\/li>\n<li>Dr. Nguyen Quan-Vinh<\/li>\n<li>Dr. Nguyen Howles Mai<\/li>\n<li>Dr. Nguyen- Tang Thai<\/li>\n<li>Dr. O&#8217;Callaghan Bryan<\/li>\n<li>Dr. Pham Hoang-Chinh<\/li>\n<li>Monsieur Phan Vuong Huy Tu, MA<\/li>\n<li>Dr. Phung Hong-Diep<\/li>\n<li>Dr. Tran Sao-Nam<\/li>\n<li>Dr. Truong Cao-Binh<\/li>\n<li>Prof. Dr. Vu Viet-Nu<\/li>\n<\/ul>","protected":false},"excerpt":{"rendered":"<p>SPONSORS EXTERNES Individuels\/Priv\u00e9s Madame Catherine Agustoni, Fribourg Madame Baumgartner Susanne, Burgdorf Monsieur et Madame Yvan et Caroline Brodard, Praroman-le Mouret Madame et Monsieur Danzeisen Fran\u00e7oise, Vaud Dr. Descombes Eric, Centre de Dialyse, HFR-H\u00f4pital Cantonal de Fribourg Dr. Martin Ganslmayer, Fribourg. Monsieur Gonzalez-Diez A. et\u00a0 Madame D\u2019Ans de Gonzalez V, Gen\u00e8ve M. Haensenberger Andreas, Architecte dipl\u00f4m\u00e9 FH, Burgdorf M. Krauer Beat, Chamb\u00e9sy Dr. Patrick Mirimanoff, Collonge-Bellerive (GE) Madame Nguyen Thi Mai, Fribourg Prof. Claude Regamey, Fribourg M. Erwin Riedo, Fribourg Institutionnels Soci\u00e9t\u00e9 M\u00e9dicale de Beaulieu, Chemin de Beau-Soleil 20, 1206 Gen\u00e8ve Pierre Fabre Pharma AG ; Hegenheimermattweg, CH-4123 Allschwill SPONSORS INTERNES Dr. Dang C\u00e9cile Dr. Danzeisen Claude Dr. Fellay Beno\u00eet Prof. Dr. Huynh-Do Uyen Prof. Dr. Kraehenbuhl Jean-Pierre Dr. L\u00ea Broccard France-Van Trang Dr. Nguyen Duy Madame Nguyen Kim-Yen, B.A Dr. Nguyen Ngoc -Lan Dr. Nguyen Quan-Vinh Dr. Nguyen Howles Mai Dr. Nguyen- Tang Thai Dr. O&#8217;Callaghan Bryan Dr. Pham Hoang-Chinh Monsieur Phan Vuong Huy Tu, MA Dr. Phung Hong-Diep Dr. Tran Sao-Nam Dr. Truong Cao-Binh Prof. Dr. Vu Viet-Nu<\/p>","protected":false},"author":158048969,"featured_media":0,"parent":0,"menu_order":0,"comment_status":"closed","ping_status":"closed","template":"","meta":{"advanced_seo_description":"","jetpack_seo_html_title":"","jetpack_seo_noindex":false,"jetpack_post_was_ever_published":false,"footnotes":""},"class_list":["post-459","page","type-page","status-publish","hentry"],"jetpack_likes_enabled":true,"jetpack_sharing_enabled":true,"jetpack_shortlink":"https:\/\/wp.me\/Pb0jKy-7p","amp_enabled":true,"_links":{"self":[{"href":"https:\/\/helvietmed.org\/vi\/wp-json\/wp\/v2\/pages\/459","targetHints":{"allow":["GET"]}}],"collection":[{"href":"https:\/\/helvietmed.org\/vi\/wp-json\/wp\/v2\/pages"}],"about":[{"href":"https:\/\/helvietmed.org\/vi\/wp-json\/wp\/v2\/types\/page"}],"author":[{"embeddable":true,"href":"https:\/\/helvietmed.org\/vi\/wp-json\/wp\/v2\/users\/158048969"}],"replies":[{"embeddable":true,"href":"https:\/\/helvietmed.org\/vi\/wp-json\/wp\/v2\/comments?post=459"}],"version-history":[{"count":4,"href":"https:\/\/helvietmed.org\/vi\/wp-json\/wp\/v2\/pages\/459\/revisions"}],"predecessor-version":[{"id":1795,"href":"https:\/\/helvietmed.org\/vi\/wp-json\/wp\/v2\/pages\/459\/revisions\/1795"}],"wp:attachment":[{"href":"https:\/\/helvietmed.org\/vi\/wp-json\/wp\/v2\/media?parent=459"}],"curies":[{"name":"wp","href":"https:\/\/api.w.org\/{rel}","templated":true}]}}