{"id":468,"date":"2019-06-02T21:27:56","date_gmt":"2019-06-02T21:27:56","guid":{"rendered":"https:\/\/helvietmed.org\/?page_id=468"},"modified":"2019-07-29T20:12:53","modified_gmt":"2019-07-29T20:12:53","slug":"donors-sponsors-2011-2012","status":"publish","type":"page","link":"https:\/\/helvietmed.org\/vi\/donors-sponsors-2011-2012\/","title":{"rendered":"Donors\/sponsors 2011-2012"},"content":{"rendered":"<p>&nbsp;<\/p>\n<p style=\"text-align: left;\"><span style=\"text-decoration: underline;\"><span style=\"color: #0000ff; text-decoration: underline;\">SPONSORS EXTERNES<\/span><\/span><\/p>\n<p><span style=\"text-decoration: underline;\"><span style=\"color: #0000ff; text-decoration: underline;\">Individuels\/priv\u00e9s<\/span><\/span><\/p>\n<ul>\n<li>Madame Danzeisen Fran\u00e7oise, Vaud<\/li>\n<li>Madame Nguyen Thi Mai, Fribourg<\/li>\n<li>Monsieur Payot Jean-Daniel, Satigny (GE)<\/li>\n<li>Monsieur Trinh Quoc-Phu, Gen\u00e8ve<\/li>\n<li>Monsieur Coppex Alain, la Tour-de Peilz (VD)<\/li>\n<li>Monsieur Nguyen-Tang Canh, Gen\u00e8ve<\/li>\n<\/ul>\n<p><span style=\"text-decoration: underline;\"><span style=\"color: #0000ff; text-decoration: underline;\">Institutionels<\/span><\/span><\/p>\n<ul>\n<li>Dr. Eric Descombes, Centre de Dialyse, H\u00f4pital Cantonal de Fribourg<\/li>\n<li>Dr. Joseph Zihlmann, Villars-sur-Gl\u00e2ne (FR)<\/li>\n<li>Roche Pharma AG, Sch\u00f6nmattstrasse 2, 4153 Reinach<\/li>\n<li>Astellas Pharma AG<strong>,<\/strong> Grindelstrasse 6, 8304 Wallisellen<\/li>\n<\/ul>","protected":false},"excerpt":{"rendered":"<p>&nbsp; SPONSORS EXTERNES Individuels\/priv\u00e9s Madame Danzeisen Fran\u00e7oise, Vaud Madame Nguyen Thi Mai, Fribourg Monsieur Payot Jean-Daniel, Satigny (GE) Monsieur Trinh Quoc-Phu, Gen\u00e8ve Monsieur Coppex Alain, la Tour-de Peilz (VD) Monsieur Nguyen-Tang Canh, Gen\u00e8ve Institutionels Dr. Eric Descombes, Centre de Dialyse, H\u00f4pital Cantonal de Fribourg Dr. Joseph Zihlmann, Villars-sur-Gl\u00e2ne (FR) Roche Pharma AG, Sch\u00f6nmattstrasse 2, 4153 Reinach Astellas Pharma AG, Grindelstrasse 6, 8304 Wallisellen<\/p>","protected":false},"author":158048969,"featured_media":0,"parent":0,"menu_order":0,"comment_status":"closed","ping_status":"closed","template":"","meta":{"_crdt_document":"","advanced_seo_description":"","jetpack_seo_html_title":"","jetpack_seo_noindex":false,"footnotes":""},"class_list":["post-468","page","type-page","status-publish","hentry"],"jetpack_likes_enabled":true,"jetpack_sharing_enabled":true,"jetpack_shortlink":"https:\/\/wp.me\/Pb0jKy-7y","amp_enabled":true,"_links":{"self":[{"href":"https:\/\/helvietmed.org\/vi\/wp-json\/wp\/v2\/pages\/468","targetHints":{"allow":["GET"]}}],"collection":[{"href":"https:\/\/helvietmed.org\/vi\/wp-json\/wp\/v2\/pages"}],"about":[{"href":"https:\/\/helvietmed.org\/vi\/wp-json\/wp\/v2\/types\/page"}],"author":[{"embeddable":true,"href":"https:\/\/helvietmed.org\/vi\/wp-json\/wp\/v2\/users\/158048969"}],"replies":[{"embeddable":true,"href":"https:\/\/helvietmed.org\/vi\/wp-json\/wp\/v2\/comments?post=468"}],"version-history":[{"count":4,"href":"https:\/\/helvietmed.org\/vi\/wp-json\/wp\/v2\/pages\/468\/revisions"}],"predecessor-version":[{"id":1790,"href":"https:\/\/helvietmed.org\/vi\/wp-json\/wp\/v2\/pages\/468\/revisions\/1790"}],"wp:attachment":[{"href":"https:\/\/helvietmed.org\/vi\/wp-json\/wp\/v2\/media?parent=468"}],"curies":[{"name":"wp","href":"https:\/\/api.w.org\/{rel}","templated":true}]}}